{"id":798,"date":"2023-07-25T15:51:32","date_gmt":"2023-07-25T13:51:32","guid":{"rendered":"https:\/\/technovationfrance.fr\/?page_id=798"},"modified":"2025-05-10T08:22:27","modified_gmt":"2025-05-10T06:22:27","slug":"politique-de-confidentialite-2","status":"publish","type":"page","link":"https:\/\/technovationfrance.fr\/index.php\/politique-de-confidentialite-2\/","title":{"rendered":"Politique de confidentialit\u00e9"},"content":{"rendered":"\n<p class=\"has-ast-global-color-8-color has-text-color\"><br><\/p>\n\n\n\n<h2 class=\"wp-block-heading has-text-align-center has-text-color\" style=\"color:#0076cf\">Politique de confidentialit\u00e9<\/h2>\n\n\n\n<p class=\"has-ast-global-color-8-color has-text-color\">La pr\u00e9sente politique de confidentialit\u00e9 r\u00e9git l\u2019utilisation du site internet <strong>&nbsp;<\/strong><a href=\"https:\/\/technovationfrance.fr\/\" target=\"_blank\" rel=\"noreferrer noopener\">https:\/\/technovationfrance.fr\/<\/a><strong>, <\/strong><strong>ci-apr\u00e8s \u00ab&nbsp;<\/strong><strong>le Site&nbsp;<\/strong><strong>\u00bb, \u00e9dit\u00e9 par l\u2019association <\/strong>Tech Pionni\u00e8res.<\/p>\n\n\n\n<p class=\"has-ast-global-color-8-color has-text-color\">Le Site (i) donne des informations sur le programme \u00e9ducatif qui vise \u00e0 d\u00e9velopper les comp\u00e9tences technologiques et entrepreneuriales des jeunes filles de 13 \u00e0 17 ans (\u00ab&nbsp;<strong>le Programme<\/strong>&nbsp;\u00bb) (ii)&nbsp;et permet de s\u2019inscrire au Programme (iii) ou de devenir mentor pour accompagner les participantes dans le cadre du Programme.<\/p>\n\n\n\n<p class=\"has-ast-global-color-8-color has-text-color\">La politique de confidentialit\u00e9 est accessible \u00e0 l\u2019adresse <a href=\"https:\/\/technovationfrance.fr\/index.php\/politique-de-confidentialite-2\/\">https:\/\/technovationfrance.fr\/index.php\/politique-de-confidentialite-2\/<\/a> et pourra \u00eatre modifi\u00e9e pour tenir compte notamment de l\u2019\u00e9volution des traitements des donn\u00e9es mis en \u0153uvre et de la l\u00e9gislation applicable.<\/p>\n\n\n\n<p class=\"has-ast-global-color-8-color has-text-color\"><strong>Identit\u00e9 et r\u00f4le<\/strong><\/p>\n\n\n\n<p class=\"has-ast-global-color-8-color has-text-color\">Les donn\u00e9es personnelles des participants, des mentors, des b\u00e9n\u00e9voles sont trait\u00e9es par l\u2019association loi 1901 Tech Pionni\u00e8res, enregistr\u00e9 sous le num\u00e9ro RNA W751268794, et situ\u00e9e 24 Rue L\u00e9on frot, 75011, Paris.<\/p>\n\n\n\n<p class=\"has-ast-global-color-8-color has-text-color\">L\u2019association Tech Pionni\u00e8res intervient en qualit\u00e9 de responsable de traitement de donn\u00e9es personnelles.<\/p>\n\n\n\n<p class=\"has-ast-global-color-8-color has-text-color\"><strong>Finalit\u00e9 des traitements<\/strong><\/p>\n\n\n\n<p class=\"has-ast-global-color-8-color has-text-color\">L\u2019association Tech Pionni\u00e8res traite les donn\u00e9es personnelles aux fins&nbsp;:<\/p>\n\n\n\n<ul class=\"wp-block-list\">\n<li>D\u2019inscription des participantes au programme \u00e9ducatif<\/li>\n\n\n\n<li>De recueillir l\u2019autorisation parentale des mineurs de moins de 15 ans<\/li>\n\n\n\n<li>D\u2019inscription des mentors qui accompagneront les participantes<\/li>\n\n\n\n<li>De gestion du Programme et des participantes<\/li>\n\n\n\n<li>D\u2019envoi de newsletters<\/li>\n\n\n\n<li>De gestion des relations avec les visiteurs du site internet<\/li>\n\n\n\n<li>De participation au concours international Technovation Girls<\/li>\n\n\n\n<li>De gestion de la s\u00e9curit\u00e9 du Site et de lutte contre la fraude<\/li>\n\n\n\n<li>De statistiques, am\u00e9lioration du Site et du Programme<\/li>\n<\/ul>\n\n\n\n<p class=\"has-ast-global-color-8-color has-text-color\"><strong>Bases l\u00e9gales des traitements en qualit\u00e9 de Responsable de traitement<\/strong><\/p>\n\n\n\n<figure class=\"wp-block-table\"><table class=\"has-ast-global-color-8-color has-text-color\"><thead><tr><td><strong>FINALIT\u00c9S<\/strong><\/td><td><strong>BASE L\u00c9GALE<\/strong><\/td><\/tr><\/thead><tbody><tr><td>Inscription au programme \u00e9ducatif<\/td><td>Le traitement est n\u00e9cessaire \u00e0<strong> l\u2019ex\u00e9cution des mesures pr\u00e9contractuelles et \/ ou \u00e0 l\u2019ex\u00e9cution d\u2019un contrat <\/strong>&nbsp;<\/td><\/tr><tr><td>Gestion du programme \u00e9ducatif (envoi des liens vid\u00e9o, informations transmises, etc.)<\/td><td>Le traitement est fond\u00e9 sur l\u2019<strong>int\u00e9r\u00eat l\u00e9gitime de l\u2019association Tech Pionni\u00e8res<\/strong><\/td><\/tr><tr><td>Autorisation parentale donn\u00e9e aux moins de 15 ans<\/td><td>Le traitement est n\u00e9cessaire pour remplir une <strong>obligation l\u00e9gale<\/strong><\/td><\/tr><tr><td>Gestion de la suppression de l\u2019inscription du mineur par un des responsables l\u00e9gaux.<\/td><td>Le traitement est n\u00e9cessaire pour remplir une <strong>obligation l\u00e9gale<\/strong><\/td><\/tr><tr><td>Inscription des mentors &nbsp;<\/td><td>Le traitement est n\u00e9cessaire \u00e0<strong> l\u2019ex\u00e9cution des mesures pr\u00e9contractuelles et \/ ou \u00e0 l\u2019ex\u00e9cution d\u2019un contrat <\/strong>&nbsp;<\/td><\/tr><tr><td>Acceptation des mentors apr\u00e8s v\u00e9rification dues \u00e0 la minorit\u00e9 des participantes<\/td><td>Le traitement est n\u00e9cessaire pour remplir une <strong>obligation l\u00e9gale<\/strong><\/td><\/tr><tr><td>Ev\u00e8nements auxquels les participantes sont convi\u00e9es<\/td><td>Le traitement est fond\u00e9 sur l\u2019<strong>int\u00e9r\u00eat l\u00e9gitime de l\u2019association Tech Pionni\u00e8res<\/strong><\/td><\/tr><tr><td>L\u2019envoi de newsletters<\/td><td>Le traitement est fond\u00e9 sur le <strong>consentement<\/strong><\/td><\/tr><tr><td>Gestion des relations avec les visiteurs du Site<\/td><td>Le traitement est fond\u00e9 sur l\u2019<strong>int\u00e9r\u00eat l\u00e9gitime de l\u2019association Tech Pionni\u00e8res<\/strong><\/td><\/tr><tr><td>La participation au concours international Technovation Girls<\/td><td>Le traitement est n\u00e9cessaire \u00e0 <strong>l\u2019ex\u00e9cution des mesures pr\u00e9contractuelles et\/ou \u00e0 l\u2019ex\u00e9cution d\u2019un contrat<\/strong><\/td><\/tr><tr><td>Gestion de la s\u00e9curit\u00e9, de la fraude<\/td><td>Le traitement est fond\u00e9 sur l\u2019<strong>int\u00e9r\u00eat l\u00e9gitime de l\u2019association Tech Pionni\u00e8res<\/strong><\/td><\/tr><tr><td>Gestion des statistiques et de l\u2019am\u00e9lioration du Site, du Programme et de la plateforme<\/td><td>Le traitement est fond\u00e9 sur l\u2019<strong>int\u00e9r\u00eat l\u00e9gitime de l\u2019association Tech Pionni\u00e8res<\/strong><\/td><\/tr><\/tbody><\/table><\/figure>\n\n\n\n<p class=\"has-ast-global-color-8-color has-text-color\"><strong>Cat\u00e9gories de donn\u00e9es collect\u00e9es par l\u2019association Tech Pionni\u00e8res en qualit\u00e9 de responsable de traitement&nbsp;:<\/strong><\/p>\n\n\n\n<ul class=\"wp-block-list\">\n<li>Donn\u00e9es des participantes au programme&nbsp;: nom, pr\u00e9nom, sexe, date de naissance, classe, \u00e9tablissement, adresse, coordonn\u00e9es, adresse IP de cr\u00e9ation de compte, &nbsp;<\/li>\n\n\n\n<li>Informations concernant les repr\u00e9sentants l\u00e9gaux des candidates&nbsp;: nom, pr\u00e9nom, coordonn\u00e9es<\/li>\n\n\n\n<li>Donn\u00e9es des mentors&nbsp;: nom, pr\u00e9nom, titre, coordonn\u00e9es, date de naissance, profession, entreprise, secteur d\u2019activit\u00e9 et nombres d\u2019ann\u00e9es d\u2019exp\u00e9riences professionnelles, <a>extrait du casier judiciaire<\/a>, copie de la carte d\u2019identit\u00e9<\/li>\n\n\n\n<li>Donn\u00e9es des b\u00e9n\u00e9voles<\/li>\n<\/ul>\n\n\n\n<hr class=\"wp-block-separator has-alpha-channel-opacity\"\/>\n\n\n\n<p class=\"has-ast-global-color-8-color has-text-color\"><strong>Dur\u00e9e de conservation<\/strong><\/p>\n\n\n\n<p class=\"has-ast-global-color-8-color has-text-color\">Les donn\u00e9es concernant les participantes et leurs repr\u00e9sentant l\u00e9gaux sont conserv\u00e9es pendant toute la dur\u00e9e de la formation \u00e9ducative, y compris la dur\u00e9e de participation au Challenge Technovation, en base active, puis les donn\u00e9es sont archiv\u00e9es pour une dur\u00e9e de 5 ans avant suppression ou anonymisation.<\/p>\n\n\n\n<p class=\"has-ast-global-color-8-color has-text-color\">Les donn\u00e9es concernant les mentors sont conserv\u00e9es pendant toute la dur\u00e9e du partenariat avec l\u2019association Tech Pionni\u00e8res en base active, puis les donn\u00e9es sont archiv\u00e9es pour une dur\u00e9e de 6 ans avant suppression ou anonymisation.<\/p>\n\n\n\n<p class=\"has-ast-global-color-8-color has-text-color\">Les adresses emails relatives \u00e0 l\u2019abonnement \u00e0 la newsletter sont conserv\u00e9es jusqu\u2019\u00e0 ce que la personne se d\u00e9sinscrive, soit au sein de la newsletter re\u00e7ue, soit par mail adress\u00e9 \u00e0 Technovation Girls France<strong>.<\/strong><\/p>\n\n\n\n<p class=\"has-ast-global-color-8-color has-text-color\"><strong>S\u00e9curit\u00e9 des donn\u00e9es<\/strong> <\/p>\n\n\n\n<p class=\"has-ast-global-color-8-color has-text-color\">L\u2019association Tech Pionni\u00e8re met en place les mesures techniques et organisationnelles permettant d\u2019assurer la s\u00e9curit\u00e9 et la confidentialit\u00e9 de vos donn\u00e9es personnelles. Ces mesures sont mises en place afin de pr\u00e9venir toute perte d\u2019int\u00e9grit\u00e9, de confidentialit\u00e9 ou de disponibilit\u00e9.<\/p>\n\n\n\n<p class=\"has-ast-global-color-8-color has-text-color\"><strong>Destinataire des donn\u00e9es<\/strong><\/p>\n\n\n\n<ol style=\"list-style-type:lower-alpha\" class=\"wp-block-list\">\n<li>Destinataires externes<\/li>\n\n\n\n<li>H\u00e9bergeur&nbsp;: OVH<\/li>\n\n\n\n<li>Service de mail&nbsp;: Gmail<\/li>\n\n\n\n<li>Outil de marketing&nbsp;: Brevo<\/li>\n\n\n\n<li>Discord <\/li>\n\n\n\n<li>Plateforme de visio&nbsp;: Zoom<\/li>\n\n\n\n<li>Thunkable : outil de code<\/li>\n\n\n\n<li>Canva : outil d&rsquo;atelier et de design<\/li>\n\n\n\n<li>Capcut : outil de montage vid\u00e9o<\/li>\n\n\n\n<li>La suite Google<\/li>\n<\/ol>\n\n\n\n<p class=\"has-ast-global-color-8-color has-text-color\"><strong>Transfert de donn\u00e9es hors de l\u2019Union Europ\u00e9enne<\/strong><\/p>\n\n\n\n<p class=\"has-ast-global-color-8-color has-text-color\">Les donn\u00e9es personnelles sont transf\u00e9r\u00e9es aux Etats-Unis dans les cas suivants&nbsp;:<\/p>\n\n\n\n<ul class=\"wp-block-list has-ast-global-color-8-color has-text-color\">\n<li>Par l\u2019h\u00e9bergeur de notre prestataire de marketing automatis\u00e9 Brevo, Kinsta Inc. , qui s\u2019est certifi\u00e9 au Privacy Framework, conform\u00e9ment \u00e0 l\u2019accord de transfert de donn\u00e9es en vigueur entre l\u2019Union Europ\u00e9enne et les Etats-Unis<\/li>\n\n\n\n<li>Par Discord, qui s\u2019est certifi\u00e9 au Privacy Framework, conform\u00e9ment \u00e0 l\u2019accord de transfert de donn\u00e9es en vigueur entre l\u2019Union Europ\u00e9enne et les Etats-Unis<\/li>\n\n\n\n<li>Technovation &nbsp;<\/li>\n<\/ul>\n\n\n\n<hr class=\"wp-block-separator has-alpha-channel-opacity\"\/>\n\n\n\n<p class=\"has-ast-global-color-8-color has-text-color\"><strong>Droits des personnes concern\u00e9es<\/strong><\/p>\n\n\n\n<p class=\"has-ast-global-color-8-color has-text-color\">Conform\u00e9ment \u00e0 la loi \u00ab&nbsp;informatique et libert\u00e9s&nbsp;\u00bb du 6 Janvier 1978 modifi\u00e9e, et au R\u00e8glement europ\u00e9en n\u00b02016\/679 du 27 Avril 2016, les personnes concern\u00e9es disposent sur l\u2019ensemble de leurs donn\u00e9es d\u2019un droit d\u2019acc\u00e8s, d\u2019un droit de rectification, et d\u2019un droit \u00e0 l\u2019effacement, un droit \u00e0 la limitation du traitement dans certaines conditions, d\u2019un droit d\u2019opposition et d\u2019un droit \u00e0 la portabilit\u00e9 de leurs donn\u00e9es.<\/p>\n\n\n\n<p class=\"has-ast-global-color-8-color has-text-color\">Vous pouvez exercer les diff\u00e9rents droits list\u00e9s ci-dessus en contactant l\u2019association Tech Pionni\u00e8res&nbsp;:<\/p>\n\n\n\n<ul class=\"wp-block-list\">\n<li>A l\u2019adresse \u00e9lectronique suivante&nbsp;: info@technovationfrance.fr<\/li>\n\n\n\n<li>Par voie postale \u00e0 l\u2019adresse suivante&nbsp;: 24 Rue L\u00e9on frit, 75011, Paris.<\/li>\n\n\n\n<li>Le d\u00e9l\u00e9gu\u00e9 \u00e0 la protection des donn\u00e9es personnelles (DPO) peut \u00eatre contact\u00e9 par email : <a href=\"mailto:dpo@technovationfrance.fr\">dpo@technovationfrance.fr<\/a> ou \u00e0 l\u2019adresse postale : DPO Technovation France &#8211; 57, Avenue Franklin Delano Roosevelt &#8211; 75008 Paris<\/li>\n<\/ul>\n\n\n\n<p class=\"has-ast-global-color-8-color has-text-color\">Vous pouvez \u00e9galement, introduire une r\u00e9clamation aupr\u00e8s de la Commission Nationale Informatique et Libert\u00e9s (CNIL) \u00e0 l\u2019adresse postale suivante&nbsp;: 3 Place de Fontenoy \u2013 75007 Paris.<\/p>\n\n\n\n<p class=\"has-ast-global-color-8-color has-text-color\"><\/p>\n\n\n\n<p><\/p>\n","protected":false},"excerpt":{"rendered":"<p>Politique de confidentialit\u00e9 La pr\u00e9sente politique de confidentialit\u00e9 r\u00e9git l\u2019utilisation du site internet &nbsp;https:\/\/technovationfrance.fr\/, ci-apr\u00e8s \u00ab&nbsp;le Site&nbsp;\u00bb, \u00e9dit\u00e9 par l\u2019association Tech Pionni\u00e8res. Le Site (i) donne des informations sur le programme \u00e9ducatif qui vise \u00e0 d\u00e9velopper les comp\u00e9tences technologiques et entrepreneuriales des jeunes filles de 13 \u00e0 17 ans (\u00ab&nbsp;le Programme&nbsp;\u00bb) (ii)&nbsp;et permet de s\u2019inscrire &hellip;<\/p>\n<p class=\"read-more\"> <a class=\"\" href=\"https:\/\/technovationfrance.fr\/index.php\/politique-de-confidentialite-2\/\"> <span class=\"screen-reader-text\">Politique de confidentialit\u00e9<\/span> Lire la suite\u00a0\u00bb<\/a><\/p>\n","protected":false},"author":1,"featured_media":0,"parent":0,"menu_order":0,"comment_status":"closed","ping_status":"closed","template":"","meta":{"_seopress_robots_primary_cat":"","om_disable_all_campaigns":false,"_uag_custom_page_level_css":"","_monsterinsights_skip_tracking":false,"_monsterinsights_sitenote_active":false,"_monsterinsights_sitenote_note":"","_monsterinsights_sitenote_category":0,"site-sidebar-layout":"default","site-content-layout":"","ast-site-content-layout":"default","site-content-style":"default","site-sidebar-style":"default","ast-global-header-display":"","ast-banner-title-visibility":"","ast-main-header-display":"","ast-hfb-above-header-display":"","ast-hfb-below-header-display":"","ast-hfb-mobile-header-display":"","site-post-title":"disabled","ast-breadcrumbs-content":"","ast-featured-img":"","footer-sml-layout":"","theme-transparent-header-meta":"","adv-header-id-meta":"","stick-header-meta":"","header-above-stick-meta":"","header-main-stick-meta":"","header-below-stick-meta":"","astra-migrate-meta-layouts":"set","footnotes":""},"class_list":["post-798","page","type-page","status-publish","hentry"],"aioseo_notices":[],"uagb_featured_image_src":{"full":false,"thumbnail":false,"medium":false,"medium_large":false,"large":false,"1536x1536":false,"2048x2048":false},"uagb_author_info":{"display_name":"admin6217","author_link":"https:\/\/technovationfrance.fr\/index.php\/author\/admin6217\/"},"uagb_comment_info":0,"uagb_excerpt":"Politique de confidentialit\u00e9 La pr\u00e9sente politique de confidentialit\u00e9 r\u00e9git l\u2019utilisation du site internet &nbsp;https:\/\/technovationfrance.fr\/, ci-apr\u00e8s \u00ab&nbsp;le Site&nbsp;\u00bb, \u00e9dit\u00e9 par l\u2019association Tech Pionni\u00e8res. Le Site (i) donne des informations sur le programme \u00e9ducatif qui vise \u00e0 d\u00e9velopper les comp\u00e9tences technologiques et entrepreneuriales des jeunes filles de 13 \u00e0 17 ans (\u00ab&nbsp;le Programme&nbsp;\u00bb) (ii)&nbsp;et permet de s\u2019inscrire\u2026","_links":{"self":[{"href":"https:\/\/technovationfrance.fr\/index.php\/wp-json\/wp\/v2\/pages\/798","targetHints":{"allow":["GET"]}}],"collection":[{"href":"https:\/\/technovationfrance.fr\/index.php\/wp-json\/wp\/v2\/pages"}],"about":[{"href":"https:\/\/technovationfrance.fr\/index.php\/wp-json\/wp\/v2\/types\/page"}],"author":[{"embeddable":true,"href":"https:\/\/technovationfrance.fr\/index.php\/wp-json\/wp\/v2\/users\/1"}],"replies":[{"embeddable":true,"href":"https:\/\/technovationfrance.fr\/index.php\/wp-json\/wp\/v2\/comments?post=798"}],"version-history":[{"count":13,"href":"https:\/\/technovationfrance.fr\/index.php\/wp-json\/wp\/v2\/pages\/798\/revisions"}],"predecessor-version":[{"id":1927,"href":"https:\/\/technovationfrance.fr\/index.php\/wp-json\/wp\/v2\/pages\/798\/revisions\/1927"}],"wp:attachment":[{"href":"https:\/\/technovationfrance.fr\/index.php\/wp-json\/wp\/v2\/media?parent=798"}],"curies":[{"name":"wp","href":"https:\/\/api.w.org\/{rel}","templated":true}]}}