{"id":533,"date":"2023-07-10T10:10:28","date_gmt":"2023-07-10T08:10:28","guid":{"rendered":"https:\/\/technovationfrance.fr\/?page_id=533"},"modified":"2025-04-26T20:46:04","modified_gmt":"2025-04-26T18:46:04","slug":"projets","status":"publish","type":"page","link":"https:\/\/technovationfrance.fr\/index.php\/projets\/","title":{"rendered":"Projets"},"content":{"rendered":"\n<div class=\"wp-block-cover alignfull is-light\" style=\"min-height:565px;aspect-ratio:unset;\"><img loading=\"lazy\" decoding=\"async\" width=\"1024\" height=\"683\" class=\"wp-block-cover__image-background wp-image-1869 size-large\" alt=\"\" src=\"http:\/\/technovationfrance.fr\/wp-content\/uploads\/2025\/04\/CEREMONIE_CLOTURE_TECHNOVATION_GIRLS-87-1024x683.jpg\" data-object-fit=\"cover\" srcset=\"https:\/\/technovationfrance.fr\/wp-content\/uploads\/2025\/04\/CEREMONIE_CLOTURE_TECHNOVATION_GIRLS-87-1024x683.jpg 1024w, https:\/\/technovationfrance.fr\/wp-content\/uploads\/2025\/04\/CEREMONIE_CLOTURE_TECHNOVATION_GIRLS-87-300x200.jpg 300w, https:\/\/technovationfrance.fr\/wp-content\/uploads\/2025\/04\/CEREMONIE_CLOTURE_TECHNOVATION_GIRLS-87-768x512.jpg 768w, https:\/\/technovationfrance.fr\/wp-content\/uploads\/2025\/04\/CEREMONIE_CLOTURE_TECHNOVATION_GIRLS-87-1536x1024.jpg 1536w, https:\/\/technovationfrance.fr\/wp-content\/uploads\/2025\/04\/CEREMONIE_CLOTURE_TECHNOVATION_GIRLS-87-2048x1366.jpg 2048w\" sizes=\"auto, (max-width: 1024px) 100vw, 1024px\" \/><span aria-hidden=\"true\" class=\"wp-block-cover__background has-background-dim-30 has-background-dim\" style=\"background-color:#a37a75\"><\/span><div class=\"wp-block-cover__inner-container is-layout-flow wp-block-cover-is-layout-flow\">\n<h1 class=\"wp-block-heading has-ast-global-color-5-color has-text-color\">Des projets \u00e0 impact positif<\/h1>\n\n\n\n<p style=\"font-size:15px\"><\/p>\n<\/div><\/div>\n\n\n\n<div class=\"wp-block-cover alignfull is-light\" style=\"padding-top:50px;padding-right:50px;padding-bottom:50px;padding-left:50px\"><span aria-hidden=\"true\" class=\"wp-block-cover__background has-background-dim-100 has-background-dim\" style=\"background-color:#ffffff\"><\/span><div class=\"wp-block-cover__inner-container is-layout-flow wp-block-cover-is-layout-flow\">\n<div class=\"wp-block-media-text alignwide is-stacked-on-mobile is-vertically-aligned-center has-small-font-size\" style=\"grid-template-columns:30% auto\"><figure class=\"wp-block-media-text__media\"><img loading=\"lazy\" decoding=\"async\" width=\"1024\" height=\"683\" src=\"https:\/\/technovationfrance.fr\/wp-content\/uploads\/2023\/07\/328A0040-1024x683.jpg\" alt=\"\" class=\"wp-image-539 size-full\" srcset=\"https:\/\/technovationfrance.fr\/wp-content\/uploads\/2023\/07\/328A0040-1024x683.jpg 1024w, https:\/\/technovationfrance.fr\/wp-content\/uploads\/2023\/07\/328A0040-300x200.jpg 300w, https:\/\/technovationfrance.fr\/wp-content\/uploads\/2023\/07\/328A0040-768x512.jpg 768w, https:\/\/technovationfrance.fr\/wp-content\/uploads\/2023\/07\/328A0040-1536x1024.jpg 1536w, https:\/\/technovationfrance.fr\/wp-content\/uploads\/2023\/07\/328A0040-2048x1366.jpg 2048w\" sizes=\"auto, (max-width: 1024px) 100vw, 1024px\" \/><\/figure><div class=\"wp-block-media-text__content\">\n<h3 class=\"wp-block-heading has-text-align-left has-text-color\" style=\"color:#1d1349;font-size:32px\"><strong>PROJET DEMI-FINALISTE 2023<\/strong><\/h3>\n\n\n\n<p class=\"has-text-color\" style=\"color:#1d1349;font-size:15px\"><strong>Lutter contre le cyber-harc\u00e8lement<\/strong><br>In\u00e8s et Camille ont d\u00e9velopp\u00e9 une application mobile innovante dans le cadre de leur participation au challenge Technovation. Suite \u00e0 leur constat selon lequel 20% des \u00e9l\u00e8ves ont d\u00e9j\u00e0 \u00e9t\u00e9 victimes de cyber harc\u00e8lement, et la plupart d&rsquo;entre eux gardant le silence, les jeunes filles ont d\u00e9cid\u00e9 d&rsquo;agir en cr\u00e9ant l&rsquo;application Cyber Avengers. Cette application propose une mise en relation avec des services sp\u00e9cialis\u00e9s dans la lutte contre le cyber harc\u00e8lement et fournit des conseils pratiques.<\/p>\n<\/div><\/div>\n\n\n\n<div class=\"wp-block-media-text alignwide is-stacked-on-mobile is-vertically-aligned-center has-small-font-size\" style=\"grid-template-columns:30% auto\"><figure class=\"wp-block-media-text__media\"><img loading=\"lazy\" decoding=\"async\" width=\"1024\" height=\"683\" src=\"https:\/\/technovationfrance.fr\/wp-content\/uploads\/2023\/07\/328A0017-1024x683.jpg\" alt=\"\" class=\"wp-image-540 size-full\" srcset=\"https:\/\/technovationfrance.fr\/wp-content\/uploads\/2023\/07\/328A0017-1024x683.jpg 1024w, https:\/\/technovationfrance.fr\/wp-content\/uploads\/2023\/07\/328A0017-300x200.jpg 300w, https:\/\/technovationfrance.fr\/wp-content\/uploads\/2023\/07\/328A0017-768x512.jpg 768w, https:\/\/technovationfrance.fr\/wp-content\/uploads\/2023\/07\/328A0017-1536x1024.jpg 1536w, https:\/\/technovationfrance.fr\/wp-content\/uploads\/2023\/07\/328A0017-2048x1365.jpg 2048w\" sizes=\"auto, (max-width: 1024px) 100vw, 1024px\" \/><\/figure><div class=\"wp-block-media-text__content\">\n<p class=\"has-text-color\" style=\"color:#1d1349;font-size:15px\">Lors de l\u2019\u00e9laboration de leur projet, In\u00e8s et Camille ont men\u00e9 des interviews afin de bien d\u00e9finir les fonctionnalit\u00e9s et la communication \u00e0 d\u00e9ployer. Elles ont \u00e9galement r\u00e9fl\u00e9chi aux sources de financement de leur projet en \u00e9crivant un business plan. In\u00e8s et Camille ont travaill\u00e9 avec d\u00e9termination pour d\u00e9velopper ce projet, b\u00e9n\u00e9ficiant du soutien et des conseils pr\u00e9cieux de leurs mentors, Line et Pauline. Des efforts r\u00e9compens\u00e9s par leur qualification en demi-finale du concours international Technovation. <br><br><a href=\"https:\/\/www.youtube.com\/watch?v=Cj0WTec1qJE\" target=\"_blank\" rel=\"noopener\" title=\"Voir leur vid\u00e9o de pitch\"><strong>Voir leur vid\u00e9o de pitch<\/strong><\/a><\/p>\n<\/div><\/div>\n<\/div><\/div>\n\n\n\n<div class=\"wp-block-cover alignfull is-light\" style=\"padding-top:50px;padding-right:50px;padding-bottom:50px;padding-left:50px;min-height:50px;aspect-ratio:unset;\"><span aria-hidden=\"true\" class=\"wp-block-cover__background has-background-dim-100 has-background-dim\" style=\"background-color:#5bc2e7\"><\/span><div class=\"wp-block-cover__inner-container is-layout-flow wp-block-cover-is-layout-flow\">\n<div class=\"wp-block-media-text alignwide is-stacked-on-mobile is-vertically-aligned-center has-small-font-size\" style=\"padding-top:0rem;padding-right:0rem;padding-bottom:0rem;padding-left:0rem;grid-template-columns:30% auto\"><figure class=\"wp-block-media-text__media\"><img loading=\"lazy\" decoding=\"async\" width=\"1024\" height=\"669\" src=\"https:\/\/technovationfrance.fr\/wp-content\/uploads\/2023\/07\/Mobiliteam-1024x669.png\" alt=\"\" class=\"wp-image-553 size-full\" srcset=\"https:\/\/technovationfrance.fr\/wp-content\/uploads\/2023\/07\/Mobiliteam-1024x669.png 1024w, https:\/\/technovationfrance.fr\/wp-content\/uploads\/2023\/07\/Mobiliteam-300x196.png 300w, https:\/\/technovationfrance.fr\/wp-content\/uploads\/2023\/07\/Mobiliteam-768x502.png 768w, https:\/\/technovationfrance.fr\/wp-content\/uploads\/2023\/07\/Mobiliteam.png 1298w\" sizes=\"auto, (max-width: 1024px) 100vw, 1024px\" \/><\/figure><div class=\"wp-block-media-text__content\">\n<h3 class=\"wp-block-heading has-text-align-left has-ast-global-color-5-color has-text-color\" style=\"font-size:32px\"><strong>LE PROJET MOBILITEAM<\/strong><\/h3>\n\n\n\n<p style=\"font-size:15px\"><strong>L\u2019accessibilit\u00e9 des personnes \u00e0 mobilit\u00e9 r\u00e9duit<\/strong>e<br>Partant du constat que les probl\u00e8mes d\u2019accessibilit\u00e9 constituent une rupture de l\u2019\u00e9galit\u00e9 des chances pour les personnes \u00e0 mobilit\u00e9 r\u00e9duite, Abigael, Romane et Soline ont voulu offrir une solution aux personnes concern\u00e9es.&nbsp; Leur application mobile vise \u00e0 cartographier les lieux et leur accessibilit\u00e9 et \u00e0 cr\u00e9er une communaut\u00e9 d\u2019entraide. Un grand bravo \u00e0 elles pour leur investissement dans le programme et leur engagement !&nbsp;<br>Elles ont \u00e9t\u00e9 accompagn\u00e9es tout au long du projet par Marion et Pierre, leurs mentors.<\/p>\n<\/div><\/div>\n<\/div><\/div>\n\n\n\n<div class=\"wp-block-cover alignfull\" style=\"padding-top:50px;padding-right:50px;padding-bottom:50px;padding-left:50px;min-height:50px;aspect-ratio:unset;\"><span aria-hidden=\"true\" class=\"wp-block-cover__background has-ast-global-color-5-background-color has-background-dim-100 has-background-dim\"><\/span><div class=\"wp-block-cover__inner-container is-layout-flow wp-block-cover-is-layout-flow\">\n<div class=\"wp-block-media-text is-stacked-on-mobile is-vertically-aligned-center has-small-font-size\" style=\"margin-top:0;margin-right:0;margin-bottom:0;margin-left:0;padding-top:0rem;padding-right:0rem;padding-bottom:0rem;padding-left:0rem;grid-template-columns:30% auto\"><figure class=\"wp-block-media-text__media\"><img loading=\"lazy\" decoding=\"async\" width=\"1024\" height=\"691\" src=\"https:\/\/technovationfrance.fr\/wp-content\/uploads\/2023\/07\/Medikhere-2-1024x691.jpg\" alt=\"\" class=\"wp-image-1083 size-full\" srcset=\"https:\/\/technovationfrance.fr\/wp-content\/uploads\/2023\/07\/Medikhere-2-1024x691.jpg 1024w, https:\/\/technovationfrance.fr\/wp-content\/uploads\/2023\/07\/Medikhere-2-300x202.jpg 300w, https:\/\/technovationfrance.fr\/wp-content\/uploads\/2023\/07\/Medikhere-2-768x518.jpg 768w, https:\/\/technovationfrance.fr\/wp-content\/uploads\/2023\/07\/Medikhere-2.jpg 1186w\" sizes=\"auto, (max-width: 1024px) 100vw, 1024px\" \/><\/figure><div class=\"wp-block-media-text__content\">\n<h3 class=\"wp-block-heading has-text-align-left has-text-color\" style=\"color:#1d1349;font-size:32px\"><strong>LE PROJET MEDIK HERE<\/strong><\/h3>\n\n\n\n<p class=\"has-text-color\" style=\"color:#1d1349;font-size:15px\"><strong>Mettre fin aux d\u00e9serts m\u00e9dicaux<\/strong><br>Une commune sur trois est aujourd\u2019hui consid\u00e9r\u00e9e comme un d\u00e9sert m\u00e9dical en France. Gr\u00e2ce \u00e0 leur projet engag\u00e9 dans la lutte contre les d\u00e9serts m\u00e9dicaux, Carla, Margaux et Faustine ont pu pr\u00e9senter une application visant \u00e0 attaquer le probl\u00e8me \u00e0 sa source, en permettant aux \u00e9tudiants en m\u00e9decine de trouver plus facilement des stages dans ces villes. Durant le d\u00e9veloppement de leur projet, elles ont \u00e9t\u00e9 soutenues par leurs mentors, Claire et Elodie.<\/p>\n<\/div><\/div>\n<\/div><\/div>\n","protected":false},"excerpt":{"rendered":"","protected":false},"author":1,"featured_media":0,"parent":0,"menu_order":0,"comment_status":"closed","ping_status":"closed","template":"","meta":{"_seopress_robots_primary_cat":"","om_disable_all_campaigns":false,"_uag_custom_page_level_css":"","_monsterinsights_skip_tracking":false,"_monsterinsights_sitenote_active":false,"_monsterinsights_sitenote_note":"","_monsterinsights_sitenote_category":0,"site-sidebar-layout":"default","site-content-layout":"","ast-site-content-layout":"default","site-content-style":"default","site-sidebar-style":"default","ast-global-header-display":"","ast-banner-title-visibility":"","ast-main-header-display":"","ast-hfb-above-header-display":"","ast-hfb-below-header-display":"","ast-hfb-mobile-header-display":"","site-post-title":"disabled","ast-breadcrumbs-content":"","ast-featured-img":"","footer-sml-layout":"","theme-transparent-header-meta":"","adv-header-id-meta":"","stick-header-meta":"","header-above-stick-meta":"","header-main-stick-meta":"","header-below-stick-meta":"","astra-migrate-meta-layouts":"set","footnotes":""},"class_list":["post-533","page","type-page","status-publish","hentry"],"aioseo_notices":[],"uagb_featured_image_src":{"full":false,"thumbnail":false,"medium":false,"medium_large":false,"large":false,"1536x1536":false,"2048x2048":false},"uagb_author_info":{"display_name":"admin6217","author_link":"https:\/\/technovationfrance.fr\/index.php\/author\/admin6217\/"},"uagb_comment_info":0,"uagb_excerpt":null,"_links":{"self":[{"href":"https:\/\/technovationfrance.fr\/index.php\/wp-json\/wp\/v2\/pages\/533","targetHints":{"allow":["GET"]}}],"collection":[{"href":"https:\/\/technovationfrance.fr\/index.php\/wp-json\/wp\/v2\/pages"}],"about":[{"href":"https:\/\/technovationfrance.fr\/index.php\/wp-json\/wp\/v2\/types\/page"}],"author":[{"embeddable":true,"href":"https:\/\/technovationfrance.fr\/index.php\/wp-json\/wp\/v2\/users\/1"}],"replies":[{"embeddable":true,"href":"https:\/\/technovationfrance.fr\/index.php\/wp-json\/wp\/v2\/comments?post=533"}],"version-history":[{"count":51,"href":"https:\/\/technovationfrance.fr\/index.php\/wp-json\/wp\/v2\/pages\/533\/revisions"}],"predecessor-version":[{"id":1876,"href":"https:\/\/technovationfrance.fr\/index.php\/wp-json\/wp\/v2\/pages\/533\/revisions\/1876"}],"wp:attachment":[{"href":"https:\/\/technovationfrance.fr\/index.php\/wp-json\/wp\/v2\/media?parent=533"}],"curies":[{"name":"wp","href":"https:\/\/api.w.org\/{rel}","templated":true}]}}