{"id":359,"date":"2023-06-28T18:09:50","date_gmt":"2023-06-28T16:09:50","guid":{"rendered":"https:\/\/technovationfrance.fr\/?page_id=359"},"modified":"2025-04-26T21:19:30","modified_gmt":"2025-04-26T19:19:30","slug":"partenaires","status":"publish","type":"page","link":"https:\/\/technovationfrance.fr\/index.php\/partenaires\/","title":{"rendered":"Partenariats"},"content":{"rendered":"\n<div class=\"wp-block-cover alignfull is-light\" style=\"min-height:580px;aspect-ratio:unset;\"><img loading=\"lazy\" decoding=\"async\" width=\"2560\" height=\"1707\" class=\"wp-block-cover__image-background wp-image-631\" alt=\"\" src=\"https:\/\/technovationfrance.fr\/wp-content\/uploads\/2023\/07\/328A9807-scaled.jpg\" data-object-fit=\"cover\" srcset=\"https:\/\/technovationfrance.fr\/wp-content\/uploads\/2023\/07\/328A9807-scaled.jpg 2560w, https:\/\/technovationfrance.fr\/wp-content\/uploads\/2023\/07\/328A9807-300x200.jpg 300w, https:\/\/technovationfrance.fr\/wp-content\/uploads\/2023\/07\/328A9807-1024x683.jpg 1024w, https:\/\/technovationfrance.fr\/wp-content\/uploads\/2023\/07\/328A9807-768x512.jpg 768w, https:\/\/technovationfrance.fr\/wp-content\/uploads\/2023\/07\/328A9807-1536x1024.jpg 1536w, https:\/\/technovationfrance.fr\/wp-content\/uploads\/2023\/07\/328A9807-2048x1365.jpg 2048w\" sizes=\"auto, (max-width: 2560px) 100vw, 2560px\" \/><span aria-hidden=\"true\" class=\"wp-block-cover__background has-background-dim-30 has-background-dim\"><\/span><div class=\"wp-block-cover__inner-container is-layout-flow wp-block-cover-is-layout-flow\">\n<h1 class=\"wp-block-heading has-ast-global-color-5-color has-text-color\">Devenir<br>partenaire&nbsp; <\/h1>\n<\/div><\/div>\n\n\n\n<div class=\"wp-block-cover\" style=\"min-height:50px;aspect-ratio:unset;\"><span aria-hidden=\"true\" class=\"wp-block-cover__background has-background-dim-100 has-background-dim\" style=\"background-color:#0076cf\"><\/span><div class=\"wp-block-cover__inner-container is-layout-flow wp-block-cover-is-layout-flow\">\n<p class=\"has-text-align-center has-ast-global-color-5-color has-text-color\" style=\"font-size:15px\">Technovation Girls France recherche des partenaires pour soutenir son d\u00e9veloppement dans les domaines suivants :<br><\/p>\n\n\n\n<h3 class=\"wp-block-heading has-text-align-center has-ast-global-color-5-color has-text-color has-medium-font-size\"><strong>Egalit\u00e9 des chances<\/strong><\/h3>\n\n\n\n<p class=\"has-text-align-center has-ast-global-color-5-color has-text-color\" style=\"font-size:15px\">Nous recherchons des associations et \u00e9tablissements pr\u00eats \u00e0 s\u2019engager \u00e0 nos c\u00f4t\u00e9s pour construire un maillage national et donner acc\u00e8s au programme aux jeunes filles issues de ZEP et de zones rurales.<\/p>\n\n\n\n<h3 class=\"wp-block-heading has-text-align-center has-ast-global-color-5-color has-text-color has-medium-font-size\"><strong>Financement<\/strong><\/h3>\n\n\n\n<p class=\"has-text-align-center has-ast-global-color-5-color has-text-color\" style=\"font-size:15px\">Nous recherchons des entreprises et des organisations qui croient en notre projet et ont envie de nous aider \u00e0 nous d\u00e9velopper pour donner acc\u00e8s au programme \u00e0 plus de jeunes filles.<\/p>\n\n\n\n<h3 class=\"wp-block-heading has-text-align-center has-ast-global-color-5-color has-text-color has-medium-font-size\"><strong>Visibilit\u00e9<\/strong><\/h3>\n\n\n\n<p class=\"has-text-align-center has-ast-global-color-5-color has-text-color\" style=\"font-size:15px\">Nous recherchons des associations,&nbsp; \u00e9tablissements scolaires, entreprises mais aussi journalistes ou influenceurs qui peuvent nous aider \u00e0 donner de la visibilit\u00e9 \u00e0 notre programme.&nbsp;<\/p>\n\n\n\n<h3 class=\"wp-block-heading has-text-align-center has-ast-global-color-5-color has-text-color has-medium-font-size\"><strong>Apports en nature<\/strong><\/h3>\n\n\n\n<p class=\"has-text-align-center\" style=\"font-size:15px\">Nous recherchons r\u00e9guli\u00e8rement des lieux pour nos \u00e9v\u00e8nements et des partenaires boisson et traiteurs. <br><br><a href=\"https:\/\/technovationfrance.fr\/index.php\/contact\/\">Contactez-nous<\/a><\/p>\n<\/div><\/div>\n","protected":false},"excerpt":{"rendered":"","protected":false},"author":1,"featured_media":0,"parent":0,"menu_order":0,"comment_status":"closed","ping_status":"closed","template":"","meta":{"_seopress_robots_primary_cat":"","om_disable_all_campaigns":false,"_uag_custom_page_level_css":"","_monsterinsights_skip_tracking":false,"_monsterinsights_sitenote_active":false,"_monsterinsights_sitenote_note":"","_monsterinsights_sitenote_category":0,"site-sidebar-layout":"default","site-content-layout":"","ast-site-content-layout":"default","site-content-style":"default","site-sidebar-style":"default","ast-global-header-display":"","ast-banner-title-visibility":"","ast-main-header-display":"","ast-hfb-above-header-display":"","ast-hfb-below-header-display":"","ast-hfb-mobile-header-display":"","site-post-title":"disabled","ast-breadcrumbs-content":"","ast-featured-img":"","footer-sml-layout":"","theme-transparent-header-meta":"","adv-header-id-meta":"","stick-header-meta":"","header-above-stick-meta":"","header-main-stick-meta":"","header-below-stick-meta":"","astra-migrate-meta-layouts":"set","footnotes":""},"class_list":["post-359","page","type-page","status-publish","hentry"],"aioseo_notices":[],"uagb_featured_image_src":{"full":false,"thumbnail":false,"medium":false,"medium_large":false,"large":false,"1536x1536":false,"2048x2048":false},"uagb_author_info":{"display_name":"admin6217","author_link":"https:\/\/technovationfrance.fr\/index.php\/author\/admin6217\/"},"uagb_comment_info":0,"uagb_excerpt":null,"_links":{"self":[{"href":"https:\/\/technovationfrance.fr\/index.php\/wp-json\/wp\/v2\/pages\/359","targetHints":{"allow":["GET"]}}],"collection":[{"href":"https:\/\/technovationfrance.fr\/index.php\/wp-json\/wp\/v2\/pages"}],"about":[{"href":"https:\/\/technovationfrance.fr\/index.php\/wp-json\/wp\/v2\/types\/page"}],"author":[{"embeddable":true,"href":"https:\/\/technovationfrance.fr\/index.php\/wp-json\/wp\/v2\/users\/1"}],"replies":[{"embeddable":true,"href":"https:\/\/technovationfrance.fr\/index.php\/wp-json\/wp\/v2\/comments?post=359"}],"version-history":[{"count":16,"href":"https:\/\/technovationfrance.fr\/index.php\/wp-json\/wp\/v2\/pages\/359\/revisions"}],"predecessor-version":[{"id":1900,"href":"https:\/\/technovationfrance.fr\/index.php\/wp-json\/wp\/v2\/pages\/359\/revisions\/1900"}],"wp:attachment":[{"href":"https:\/\/technovationfrance.fr\/index.php\/wp-json\/wp\/v2\/media?parent=359"}],"curies":[{"name":"wp","href":"https:\/\/api.w.org\/{rel}","templated":true}]}}