{"id":358,"date":"2023-06-28T18:09:50","date_gmt":"2023-06-28T16:09:50","guid":{"rendered":"https:\/\/technovationfrance.fr\/?page_id=358"},"modified":"2025-04-05T16:30:56","modified_gmt":"2025-04-05T14:30:56","slug":"benevoles","status":"publish","type":"page","link":"https:\/\/technovationfrance.fr\/index.php\/benevoles\/","title":{"rendered":"B\u00e9n\u00e9voles"},"content":{"rendered":"\n<div class=\"wp-block-cover alignfull is-light\" style=\"min-height:580px;aspect-ratio:unset;\"><span aria-hidden=\"true\" class=\"wp-block-cover__background has-background-dim-40 has-background-dim\"><\/span><img loading=\"lazy\" decoding=\"async\" width=\"2560\" height=\"1707\" class=\"wp-block-cover__image-background wp-image-624\" alt=\"\" src=\"https:\/\/technovationfrance.fr\/wp-content\/uploads\/2023\/07\/328A0110-scaled.jpg\" data-object-fit=\"cover\" srcset=\"https:\/\/technovationfrance.fr\/wp-content\/uploads\/2023\/07\/328A0110-scaled.jpg 2560w, https:\/\/technovationfrance.fr\/wp-content\/uploads\/2023\/07\/328A0110-300x200.jpg 300w, https:\/\/technovationfrance.fr\/wp-content\/uploads\/2023\/07\/328A0110-1024x683.jpg 1024w, https:\/\/technovationfrance.fr\/wp-content\/uploads\/2023\/07\/328A0110-768x512.jpg 768w, https:\/\/technovationfrance.fr\/wp-content\/uploads\/2023\/07\/328A0110-1536x1024.jpg 1536w, https:\/\/technovationfrance.fr\/wp-content\/uploads\/2023\/07\/328A0110-2048x1366.jpg 2048w\" sizes=\"auto, (max-width: 2560px) 100vw, 2560px\" \/><div class=\"wp-block-cover__inner-container is-layout-flow wp-block-cover-is-layout-flow\">\n<h1 class=\"wp-block-heading has-text-align-left\">Rejoindre notre<br>communaut\u00e9 de <br>b\u00e9n\u00e9voles<\/h1>\n<\/div><\/div>\n\n\n\n<div class=\"wp-block-cover alignfull\" style=\"min-height:336px;aspect-ratio:unset;\"><span aria-hidden=\"true\" class=\"wp-block-cover__background has-background-dim-100 has-background-dim\" style=\"background-color:#0076cf\"><\/span><div class=\"wp-block-cover__inner-container is-layout-flow wp-block-cover-is-layout-flow\">\n<p class=\"has-text-align-center has-link-color wp-elements-71cc4f09d108b99e14776a6cf0861b6f\" style=\"font-size:15px\"><strong>Technovation Girls France recherche des b\u00e9n\u00e9voles pour piloter les missions suivantes :\u00a0<\/strong><br><\/p>\n\n\n\n<p class=\"has-text-align-center\">\u2022 Responsable \u00e9v\u00e8nementiel<br><br>\u2022 Attach\u00e9.e de presse <\/p>\n\n\n\n<p class=\"has-text-align-center has-link-color wp-elements-4ea999d9aef064780aa9685430be997f\" style=\"font-size:15px\">\u2022 Responsable animation de la communaut\u00e9<br><br>\u2022 Responsable recrutement et coordination des relations \u00e9coles<br><br>\u2022 Chef de projet CRM et web <br><strong><br>Nous recherchons \u00e9galement des intervenants pour animer ponctuellement les cours<\/strong>.<br><br><br><strong>Si vous vous reconnaissez et voulez en savoir plus, <a href=\"https:\/\/technovationfrance.fr\/index.php\/contact\/\">contactez-nous<\/a>.<\/strong><br><strong>Si vous souhaitez accompagner un groupe de jeunes filles en tant que mentor, c\u2019est par <a href=\"https:\/\/technovationfrance.fr\/index.php\/mentors\/\">ici<\/a>.<\/strong><\/p>\n<\/div><\/div>\n","protected":false},"excerpt":{"rendered":"","protected":false},"author":1,"featured_media":0,"parent":0,"menu_order":0,"comment_status":"closed","ping_status":"closed","template":"","meta":{"_seopress_robots_primary_cat":"","om_disable_all_campaigns":false,"_uag_custom_page_level_css":"","_monsterinsights_skip_tracking":false,"_monsterinsights_sitenote_active":false,"_monsterinsights_sitenote_note":"","_monsterinsights_sitenote_category":0,"site-sidebar-layout":"default","site-content-layout":"","ast-site-content-layout":"default","site-content-style":"default","site-sidebar-style":"default","ast-global-header-display":"","ast-banner-title-visibility":"","ast-main-header-display":"","ast-hfb-above-header-display":"","ast-hfb-below-header-display":"","ast-hfb-mobile-header-display":"","site-post-title":"disabled","ast-breadcrumbs-content":"","ast-featured-img":"","footer-sml-layout":"","theme-transparent-header-meta":"","adv-header-id-meta":"","stick-header-meta":"","header-above-stick-meta":"","header-main-stick-meta":"","header-below-stick-meta":"","astra-migrate-meta-layouts":"set","footnotes":""},"class_list":["post-358","page","type-page","status-publish","hentry"],"aioseo_notices":[],"uagb_featured_image_src":{"full":false,"thumbnail":false,"medium":false,"medium_large":false,"large":false,"1536x1536":false,"2048x2048":false},"uagb_author_info":{"display_name":"admin6217","author_link":"https:\/\/technovationfrance.fr\/index.php\/author\/admin6217\/"},"uagb_comment_info":0,"uagb_excerpt":null,"_links":{"self":[{"href":"https:\/\/technovationfrance.fr\/index.php\/wp-json\/wp\/v2\/pages\/358","targetHints":{"allow":["GET"]}}],"collection":[{"href":"https:\/\/technovationfrance.fr\/index.php\/wp-json\/wp\/v2\/pages"}],"about":[{"href":"https:\/\/technovationfrance.fr\/index.php\/wp-json\/wp\/v2\/types\/page"}],"author":[{"embeddable":true,"href":"https:\/\/technovationfrance.fr\/index.php\/wp-json\/wp\/v2\/users\/1"}],"replies":[{"embeddable":true,"href":"https:\/\/technovationfrance.fr\/index.php\/wp-json\/wp\/v2\/comments?post=358"}],"version-history":[{"count":22,"href":"https:\/\/technovationfrance.fr\/index.php\/wp-json\/wp\/v2\/pages\/358\/revisions"}],"predecessor-version":[{"id":1810,"href":"https:\/\/technovationfrance.fr\/index.php\/wp-json\/wp\/v2\/pages\/358\/revisions\/1810"}],"wp:attachment":[{"href":"https:\/\/technovationfrance.fr\/index.php\/wp-json\/wp\/v2\/media?parent=358"}],"curies":[{"name":"wp","href":"https:\/\/api.w.org\/{rel}","templated":true}]}}