{"id":357,"date":"2023-06-28T18:09:50","date_gmt":"2023-06-28T16:09:50","guid":{"rendered":"https:\/\/technovationfrance.fr\/?page_id=357"},"modified":"2026-03-06T12:37:13","modified_gmt":"2026-03-06T11:37:13","slug":"mentors","status":"publish","type":"page","link":"https:\/\/technovationfrance.fr\/index.php\/mentors\/","title":{"rendered":"Mentors"},"content":{"rendered":"\n<div class=\"wp-block-cover alignfull is-light\" style=\"min-height:580px;aspect-ratio:unset;\"><img loading=\"lazy\" decoding=\"async\" width=\"2560\" height=\"1707\" class=\"wp-block-cover__image-background wp-image-460\" alt=\"\" src=\"https:\/\/technovationfrance.fr\/wp-content\/uploads\/2023\/07\/328A9928-scaled.jpg\" data-object-fit=\"cover\" srcset=\"https:\/\/technovationfrance.fr\/wp-content\/uploads\/2023\/07\/328A9928-scaled.jpg 2560w, https:\/\/technovationfrance.fr\/wp-content\/uploads\/2023\/07\/328A9928-300x200.jpg 300w, https:\/\/technovationfrance.fr\/wp-content\/uploads\/2023\/07\/328A9928-1024x683.jpg 1024w, https:\/\/technovationfrance.fr\/wp-content\/uploads\/2023\/07\/328A9928-768x512.jpg 768w, https:\/\/technovationfrance.fr\/wp-content\/uploads\/2023\/07\/328A9928-1536x1024.jpg 1536w, https:\/\/technovationfrance.fr\/wp-content\/uploads\/2023\/07\/328A9928-2048x1365.jpg 2048w\" sizes=\"auto, (max-width: 2560px) 100vw, 2560px\" \/><span aria-hidden=\"true\" class=\"wp-block-cover__background has-background-dim-40 has-background-dim\"><\/span><div class=\"wp-block-cover__inner-container is-layout-flow wp-block-cover-is-layout-flow\">\n<h1 class=\"wp-block-heading has-text-align-left\">Inscription<br>mentors<\/h1>\n<\/div><\/div>\n\n\n\n<div class=\"wp-block-cover alignfull\" style=\"padding-top:0;padding-right:0;padding-bottom:0;padding-left:0;min-height:220px;aspect-ratio:unset;\"><span aria-hidden=\"true\" class=\"wp-block-cover__background has-background-dim-100 has-background-dim\" style=\"background-color:#0076cf\"><\/span><div class=\"wp-block-cover__inner-container is-layout-flow wp-block-cover-is-layout-flow\">\n<h3 class=\"wp-block-heading has-text-align-center has-medium-font-size\"><br>Les inscriptions sont closes pour la saison 2025-2026.<br><strong><a href=\"https:\/\/020d8c5f.sibforms.com\/serve\/MUIFAPfKdvK7o2CIQhgP4baaKvWGI9rRImePQgbJ7JbRAr9a8FpR2c_G_sPW4KeQ2PmmdWbqOuC8QLinD22lJ7XePk47bxh-TwcxgcdZcHAOx8ZF8mhu8nvgjVCyVfAz8PRrEHdzM7c4Cf9RH5U4x57qwBWjkG7OnYS5aKbyp5Ezu3UHreVcbJ9kCKQSl8KTIvcfCOBPun1JqCMr\">Etre alert\u00e9 de l\u2019ouverture des prochaines inscriptions<\/a><\/strong><\/h3>\n\n\n\n<p class=\"has-text-align-center\"><\/p>\n<\/div><\/div>\n\n\n\n<div class=\"wp-block-cover alignfull is-light\" style=\"padding-top:50px;padding-right:50px;padding-bottom:50px;padding-left:50px;min-height:222px;aspect-ratio:unset;\"><span aria-hidden=\"true\" class=\"wp-block-cover__background has-background-dim-100 has-background-dim\" style=\"background-color:#ffffff\"><\/span><div class=\"wp-block-cover__inner-container is-layout-flow wp-block-cover-is-layout-flow\">\n<div class=\"wp-block-media-text alignwide is-stacked-on-mobile is-vertically-aligned-center has-small-font-size\" style=\"grid-template-columns:30% auto\"><figure class=\"wp-block-media-text__media\"><img loading=\"lazy\" decoding=\"async\" width=\"1024\" height=\"683\" src=\"http:\/\/technovationfrance.fr\/wp-content\/uploads\/2023\/07\/328A9972-3-1024x683.jpg\" alt=\"\" class=\"wp-image-1025 size-full\" srcset=\"https:\/\/technovationfrance.fr\/wp-content\/uploads\/2023\/07\/328A9972-3-1024x683.jpg 1024w, https:\/\/technovationfrance.fr\/wp-content\/uploads\/2023\/07\/328A9972-3-300x200.jpg 300w, https:\/\/technovationfrance.fr\/wp-content\/uploads\/2023\/07\/328A9972-3-768x512.jpg 768w, https:\/\/technovationfrance.fr\/wp-content\/uploads\/2023\/07\/328A9972-3-1536x1024.jpg 1536w, https:\/\/technovationfrance.fr\/wp-content\/uploads\/2023\/07\/328A9972-3-2048x1365.jpg 2048w\" sizes=\"auto, (max-width: 1024px) 100vw, 1024px\" \/><\/figure><div class=\"wp-block-media-text__content\">\n<p class=\"has-text-color\" style=\"color:#1d1349;font-size:15px\">En tant que mentor de Technovation Girls, vous aurez l&rsquo;opportunit\u00e9 d&rsquo;accompagner un groupe de jeunes filles talentueuses (3 \u00e0 5 jeunes filles) dans la r\u00e9alisation de leur projet. Vous pourrez partager vos connaissances et vos comp\u00e9tences, les guider \u00e0 travers les diff\u00e9rentes \u00e9tapes du processus de d\u00e9veloppement d&rsquo;une application mobile et les aider \u00e0 r\u00e9soudre des probl\u00e8mes concrets.&nbsp;<\/p>\n<\/div><\/div>\n<\/div><\/div>\n\n\n\n<div class=\"wp-block-cover alignfull\" style=\"padding-top:50px;padding-right:50px;padding-bottom:50px;padding-left:50px;min-height:154px;aspect-ratio:unset;\"><span aria-hidden=\"true\" class=\"wp-block-cover__background has-background-dim-100 has-background-dim\" style=\"background-color:#0076cf\"><\/span><div class=\"wp-block-cover__inner-container is-layout-flow wp-block-cover-is-layout-flow\">\n<div class=\"wp-block-media-text alignwide is-stacked-on-mobile is-vertically-aligned-center has-small-font-size\" style=\"grid-template-columns:30% auto\"><figure class=\"wp-block-media-text__media\"><img loading=\"lazy\" decoding=\"async\" width=\"683\" height=\"1024\" src=\"http:\/\/technovationfrance.fr\/wp-content\/uploads\/2023\/07\/328A0060-3-683x1024.jpg\" alt=\"\" class=\"wp-image-950 size-full\" srcset=\"https:\/\/technovationfrance.fr\/wp-content\/uploads\/2023\/07\/328A0060-3-683x1024.jpg 683w, https:\/\/technovationfrance.fr\/wp-content\/uploads\/2023\/07\/328A0060-3-200x300.jpg 200w, https:\/\/technovationfrance.fr\/wp-content\/uploads\/2023\/07\/328A0060-3-768x1152.jpg 768w, https:\/\/technovationfrance.fr\/wp-content\/uploads\/2023\/07\/328A0060-3-1024x1536.jpg 1024w, https:\/\/technovationfrance.fr\/wp-content\/uploads\/2023\/07\/328A0060-3-1366x2048.jpg 1366w, https:\/\/technovationfrance.fr\/wp-content\/uploads\/2023\/07\/328A0060-3-scaled.jpg 1707w\" sizes=\"auto, (max-width: 683px) 100vw, 683px\" \/><\/figure><div class=\"wp-block-media-text__content\">\n<p class=\"has-ast-global-color-5-color has-text-color\" style=\"font-size:15px\">Devenir mentor repr\u00e9sente un engagement minimum de 2 heures par semaine de novembre \u00e0 mai. Chaque samedi matin de 10h30 \u00e0 12h30 (hors vacances scolaires de la zone C), vous suivez les cours avec les jeunes filles puis animez votre groupe lors de l\u2019atelier qui suit. Vous \u00eates 2 mentors par groupe ce qui vous permet de g\u00e9rer vos indisponibilit\u00e9s avec votre bin\u00f4me.<\/p>\n\n\n\n<p class=\"has-ast-global-color-5-color has-text-color\" style=\"font-size:15px\">Devenir mentor c\u2019est aussi rejoindre une communaut\u00e9 dynamique et connecter avec d&rsquo;autres professionnels lors des \u00e9v\u00e8nements organis\u00e9s par l\u2019association.<\/p>\n<\/div><\/div>\n<\/div><\/div>\n\n\n\n<iframe data-tally-src=\"https:\/\/tally.so\/embed\/wAQyNN?alignLeft=1&#038;hideTitle=1&#038;transparentBackground=1&#038;dynamicHeight=1\" loading=\"lazy\" width=\"100%\" height=\"807\" frameborder=\"0\" marginheight=\"0\" marginwidth=\"0\" title=\"Formulaire d'inscription en tant que Mentor\"><\/iframe>\n<script>var d=document,w=\"https:\/\/tally.so\/widgets\/embed.js\",v=function(){\"undefined\"!=typeof Tally?Tally.loadEmbeds():d.querySelectorAll(\"iframe[data-tally-src]:not([src])\").forEach((function(e){e.src=e.dataset.tallySrc}))};if(\"undefined\"!=typeof Tally)v();else if(d.querySelector('script[src=\"'+w+'\"]')==null){var s=d.createElement(\"script\");s.src=w,s.onload=v,s.onerror=v,d.body.appendChild(s);}<\/script>\n\n\n\n<p><\/p>\n","protected":false},"excerpt":{"rendered":"","protected":false},"author":1,"featured_media":0,"parent":0,"menu_order":0,"comment_status":"closed","ping_status":"closed","template":"","meta":{"_seopress_robots_primary_cat":"","om_disable_all_campaigns":false,"_uag_custom_page_level_css":"","_monsterinsights_skip_tracking":false,"_monsterinsights_sitenote_active":false,"_monsterinsights_sitenote_note":"","_monsterinsights_sitenote_category":0,"site-sidebar-layout":"default","site-content-layout":"","ast-site-content-layout":"default","site-content-style":"default","site-sidebar-style":"default","ast-global-header-display":"","ast-banner-title-visibility":"","ast-main-header-display":"","ast-hfb-above-header-display":"","ast-hfb-below-header-display":"","ast-hfb-mobile-header-display":"","site-post-title":"disabled","ast-breadcrumbs-content":"","ast-featured-img":"","footer-sml-layout":"","theme-transparent-header-meta":"","adv-header-id-meta":"","stick-header-meta":"","header-above-stick-meta":"","header-main-stick-meta":"","header-below-stick-meta":"","astra-migrate-meta-layouts":"set","footnotes":""},"class_list":["post-357","page","type-page","status-publish","hentry"],"aioseo_notices":[],"uagb_featured_image_src":{"full":false,"thumbnail":false,"medium":false,"medium_large":false,"large":false,"1536x1536":false,"2048x2048":false},"uagb_author_info":{"display_name":"admin6217","author_link":"https:\/\/technovationfrance.fr\/index.php\/author\/admin6217\/"},"uagb_comment_info":0,"uagb_excerpt":null,"_links":{"self":[{"href":"https:\/\/technovationfrance.fr\/index.php\/wp-json\/wp\/v2\/pages\/357","targetHints":{"allow":["GET"]}}],"collection":[{"href":"https:\/\/technovationfrance.fr\/index.php\/wp-json\/wp\/v2\/pages"}],"about":[{"href":"https:\/\/technovationfrance.fr\/index.php\/wp-json\/wp\/v2\/types\/page"}],"author":[{"embeddable":true,"href":"https:\/\/technovationfrance.fr\/index.php\/wp-json\/wp\/v2\/users\/1"}],"replies":[{"embeddable":true,"href":"https:\/\/technovationfrance.fr\/index.php\/wp-json\/wp\/v2\/comments?post=357"}],"version-history":[{"count":104,"href":"https:\/\/technovationfrance.fr\/index.php\/wp-json\/wp\/v2\/pages\/357\/revisions"}],"predecessor-version":[{"id":1998,"href":"https:\/\/technovationfrance.fr\/index.php\/wp-json\/wp\/v2\/pages\/357\/revisions\/1998"}],"wp:attachment":[{"href":"https:\/\/technovationfrance.fr\/index.php\/wp-json\/wp\/v2\/media?parent=357"}],"curies":[{"name":"wp","href":"https:\/\/api.w.org\/{rel}","templated":true}]}}