{"id":354,"date":"2023-06-28T18:09:50","date_gmt":"2023-06-28T16:09:50","guid":{"rendered":"https:\/\/technovationfrance.fr\/?page_id=354"},"modified":"2026-03-06T12:35:22","modified_gmt":"2026-03-06T11:35:22","slug":"association","status":"publish","type":"page","link":"https:\/\/technovationfrance.fr\/index.php\/association\/","title":{"rendered":"Association"},"content":{"rendered":"\n<div class=\"wp-block-cover alignfull is-light\" style=\"min-height:580px;aspect-ratio:unset;\"><img loading=\"lazy\" decoding=\"async\" width=\"2560\" height=\"1710\" class=\"wp-block-cover__image-background wp-image-779\" alt=\"\" src=\"https:\/\/technovationfrance.fr\/wp-content\/uploads\/2023\/07\/simon-maage-tXiMrX3Gc-g-unsplash-scaled.jpg\" data-object-fit=\"cover\" srcset=\"https:\/\/technovationfrance.fr\/wp-content\/uploads\/2023\/07\/simon-maage-tXiMrX3Gc-g-unsplash-scaled.jpg 2560w, https:\/\/technovationfrance.fr\/wp-content\/uploads\/2023\/07\/simon-maage-tXiMrX3Gc-g-unsplash-300x200.jpg 300w, https:\/\/technovationfrance.fr\/wp-content\/uploads\/2023\/07\/simon-maage-tXiMrX3Gc-g-unsplash-1024x684.jpg 1024w, https:\/\/technovationfrance.fr\/wp-content\/uploads\/2023\/07\/simon-maage-tXiMrX3Gc-g-unsplash-768x513.jpg 768w, https:\/\/technovationfrance.fr\/wp-content\/uploads\/2023\/07\/simon-maage-tXiMrX3Gc-g-unsplash-1536x1026.jpg 1536w, https:\/\/technovationfrance.fr\/wp-content\/uploads\/2023\/07\/simon-maage-tXiMrX3Gc-g-unsplash-2048x1368.jpg 2048w\" sizes=\"auto, (max-width: 2560px) 100vw, 2560px\" \/><span aria-hidden=\"true\" class=\"wp-block-cover__background has-background-dim-40 has-background-dim\"><\/span><div class=\"wp-block-cover__inner-container is-layout-flow wp-block-cover-is-layout-flow\">\n<h1 class=\"wp-block-heading has-text-align-left\">Technovation<br>Girls France<\/h1>\n\n\n\n<p style=\"font-size:15px\"><strong>La division fran\u00e7aise d&rsquo;une association internationale qui a d\u00e9j\u00e0 sensibilis\u00e9 plus de <\/strong><br><strong>150 000 jeunes filles aux nouvelles technologies et \u00e0 l&rsquo;entrepreneuriat \u00e0 travers le monde.<\/strong><\/p>\n<\/div><\/div>\n\n\n\n<div class=\"wp-block-cover alignfull\" style=\"padding-top:40px;padding-right:40px;padding-bottom:40px;padding-left:40px;min-height:50px;aspect-ratio:unset;\"><span aria-hidden=\"true\" class=\"wp-block-cover__background has-ast-global-color-5-background-color has-background-dim-100 has-background-dim\"><\/span><div class=\"wp-block-cover__inner-container is-layout-flow wp-block-cover-is-layout-flow\">\n<h3 class=\"wp-block-heading has-text-align-center has-text-color has-large-font-size\" style=\"color:#0076cf\"><strong>Missions<\/strong><\/h3>\n\n\n\n<div class=\"wp-block-media-text alignwide is-stacked-on-mobile\"><figure class=\"wp-block-media-text__media\"><img loading=\"lazy\" decoding=\"async\" width=\"1024\" height=\"576\" src=\"http:\/\/technovationfrance.fr\/wp-content\/uploads\/2025\/04\/2017-AnkurMadurai-257-1024x576.jpg\" alt=\"\" class=\"wp-image-1895 size-full\" srcset=\"https:\/\/technovationfrance.fr\/wp-content\/uploads\/2025\/04\/2017-AnkurMadurai-257-1024x576.jpg 1024w, https:\/\/technovationfrance.fr\/wp-content\/uploads\/2025\/04\/2017-AnkurMadurai-257-300x169.jpg 300w, https:\/\/technovationfrance.fr\/wp-content\/uploads\/2025\/04\/2017-AnkurMadurai-257-768x432.jpg 768w, https:\/\/technovationfrance.fr\/wp-content\/uploads\/2025\/04\/2017-AnkurMadurai-257-1536x864.jpg 1536w, https:\/\/technovationfrance.fr\/wp-content\/uploads\/2025\/04\/2017-AnkurMadurai-257.jpg 1920w\" sizes=\"auto, (max-width: 1024px) 100vw, 1024px\" \/><\/figure><div class=\"wp-block-media-text__content\">\n<p class=\"has-ast-global-color-8-color has-text-color\" style=\"font-size:15px\"><a href=\"https:\/\/www.technovation.org\/about\/\" target=\"_blank\" rel=\"noopener\" title=\"Technovation\">Technovation<\/a> est une association globale \u00e0 but non lucratif cr\u00e9\u00e9e dans la Silicon Valley aux \u00c9tats-Unis en 2006. <br><br><strong>Le chapitre fran\u00e7ais<\/strong>, Technovation Girls France, constitu\u00e9 en association de loi 1901, existe depuis janvier 2023.<br>Sa mission : <strong>inspirer et former les jeunes filles d\u00e8s le plus jeune \u00e2ge<\/strong> \u00e0 devenir actrices du changement pour construire un monde meilleur gr\u00e2ce \u00e0 l\u2019innovation technologique et \u00e0 l\u2019entrepreneuriat.<\/p>\n<\/div><\/div>\n<\/div><\/div>\n\n\n\n<div class=\"wp-block-cover alignfull\" style=\"padding-top:40px;padding-right:40px;padding-bottom:40px;padding-left:40px;min-height:866px;aspect-ratio:unset;\"><span aria-hidden=\"true\" class=\"wp-block-cover__background has-background-dim-100 has-background-dim\" style=\"background-color:#0076cf\"><\/span><div class=\"wp-block-cover__inner-container is-layout-flow wp-block-cover-is-layout-flow\">\n<h3 class=\"wp-block-heading has-text-align-center has-ast-global-color-5-color has-text-color\"><strong>L&rsquo;EQUIPE<br>les co-fondatrices France<\/strong><\/h3>\n\n\n\n<div class=\"wp-block-columns are-vertically-aligned-top has-background has-small-font-size is-layout-flex wp-container-core-columns-is-layout-7466b548 wp-block-columns-is-layout-flex\" style=\"background-color:#0076cf;padding-top:var(--wp--preset--spacing--30);padding-right:var(--wp--preset--spacing--30);padding-bottom:var(--wp--preset--spacing--30);padding-left:var(--wp--preset--spacing--30);font-style:normal;font-weight:200;line-height:1\">\n<div class=\"wp-block-column is-vertically-aligned-top is-content-justification-center is-layout-constrained wp-container-core-column-is-layout-24bcade5 wp-block-column-is-layout-constrained\" style=\"border-style:none;border-width:0px;padding-top:0;padding-right:0;padding-bottom:0;padding-left:0\">\n<figure class=\"wp-block-image aligncenter size-full is-resized has-custom-border\"><img loading=\"lazy\" decoding=\"async\" width=\"800\" height=\"706\" src=\"https:\/\/technovationfrance.fr\/wp-content\/uploads\/2023\/06\/Isabelle-Benard-Portrait-Plain-Background-1.jpg\" alt=\"\" class=\"wp-image-336\" style=\"border-style:none;border-width:0px;border-radius:50px;width:200px;height:177px\" srcset=\"https:\/\/technovationfrance.fr\/wp-content\/uploads\/2023\/06\/Isabelle-Benard-Portrait-Plain-Background-1.jpg 800w, https:\/\/technovationfrance.fr\/wp-content\/uploads\/2023\/06\/Isabelle-Benard-Portrait-Plain-Background-1-300x265.jpg 300w, https:\/\/technovationfrance.fr\/wp-content\/uploads\/2023\/06\/Isabelle-Benard-Portrait-Plain-Background-1-768x678.jpg 768w\" sizes=\"auto, (max-width: 800px) 100vw, 800px\" \/><\/figure>\n\n\n\n<h2 class=\"wp-block-heading has-text-align-center has-medium-font-size\">Isabelle<br>Benard<\/h2>\n\n\n\n<p class=\"has-text-align-center\" style=\"font-size:15px\"><strong>Pr\u00e9sidente et Ambassadrice Technovation pour la France<\/strong><\/p>\n<\/div>\n\n\n\n<div class=\"wp-block-column is-vertically-aligned-top is-layout-flow wp-block-column-is-layout-flow\" style=\"padding-top:0;padding-right:0;padding-bottom:0;padding-left:0\">\n<figure class=\"wp-block-image aligncenter size-full is-resized has-custom-border\"><img loading=\"lazy\" decoding=\"async\" width=\"800\" height=\"706\" src=\"https:\/\/technovationfrance.fr\/wp-content\/uploads\/2023\/06\/DSC04955-1.jpg\" alt=\"\" class=\"wp-image-337\" style=\"border-style:none;border-width:0px;border-radius:50px;width:200px;height:177px\" srcset=\"https:\/\/technovationfrance.fr\/wp-content\/uploads\/2023\/06\/DSC04955-1.jpg 800w, https:\/\/technovationfrance.fr\/wp-content\/uploads\/2023\/06\/DSC04955-1-300x265.jpg 300w, https:\/\/technovationfrance.fr\/wp-content\/uploads\/2023\/06\/DSC04955-1-768x678.jpg 768w\" sizes=\"auto, (max-width: 800px) 100vw, 800px\" \/><\/figure>\n\n\n\n<h2 class=\"wp-block-heading has-text-align-center has-medium-font-size\">Ga\u00eblle<br>Maurugeon<\/h2>\n\n\n\n<p class=\"has-text-align-center\" style=\"font-size:15px\"><strong> Responsable programme et communaut\u00e9<\/strong><\/p>\n\n\n\n<p class=\"has-text-align-center\" style=\"font-size:15px\"><br><\/p>\n<\/div>\n\n\n\n<div class=\"wp-block-column is-vertically-aligned-top is-layout-flow wp-block-column-is-layout-flow\" style=\"padding-top:0;padding-right:0;padding-bottom:0;padding-left:0\">\n<figure class=\"wp-block-image aligncenter size-full is-resized has-custom-border\"><img loading=\"lazy\" decoding=\"async\" width=\"800\" height=\"706\" src=\"https:\/\/technovationfrance.fr\/wp-content\/uploads\/2023\/06\/201912-GALAXY-photo-gng.jpeg\" alt=\"\" class=\"wp-image-338\" style=\"border-style:none;border-width:0px;border-radius:50px;width:200px;height:177px\" srcset=\"https:\/\/technovationfrance.fr\/wp-content\/uploads\/2023\/06\/201912-GALAXY-photo-gng.jpeg 800w, https:\/\/technovationfrance.fr\/wp-content\/uploads\/2023\/06\/201912-GALAXY-photo-gng-300x265.jpeg 300w, https:\/\/technovationfrance.fr\/wp-content\/uploads\/2023\/06\/201912-GALAXY-photo-gng-768x678.jpeg 768w\" sizes=\"auto, (max-width: 800px) 100vw, 800px\" \/><\/figure>\n\n\n\n<h2 class=\"wp-block-heading has-text-align-center has-medium-font-size\">GalaXy<br>Nguyen<\/h2>\n\n\n\n<p class=\"has-text-align-center\" style=\"font-size:15px\"><strong>Responsable recrutement et partenariats associatifs<\/strong><\/p>\n<\/div>\n\n\n\n<div class=\"wp-block-column is-vertically-aligned-top is-layout-flow wp-block-column-is-layout-flow\" style=\"padding-top:0;padding-right:0;padding-bottom:0;padding-left:0\">\n<figure class=\"wp-block-image aligncenter size-full is-resized has-custom-border\"><img loading=\"lazy\" decoding=\"async\" width=\"800\" height=\"706\" src=\"https:\/\/technovationfrance.fr\/wp-content\/uploads\/2023\/07\/GLGN-IMG_0963-v2-3.png\" alt=\"\" class=\"wp-image-1126\" style=\"border-style:none;border-width:0px;border-radius:50px;width:200px;height:177px\" srcset=\"https:\/\/technovationfrance.fr\/wp-content\/uploads\/2023\/07\/GLGN-IMG_0963-v2-3.png 800w, https:\/\/technovationfrance.fr\/wp-content\/uploads\/2023\/07\/GLGN-IMG_0963-v2-3-300x265.png 300w, https:\/\/technovationfrance.fr\/wp-content\/uploads\/2023\/07\/GLGN-IMG_0963-v2-3-768x678.png 768w\" sizes=\"auto, (max-width: 800px) 100vw, 800px\" \/><\/figure>\n\n\n\n<h2 class=\"wp-block-heading has-text-align-center has-medium-font-size\">Gaelle Le Gall Nicolas<\/h2>\n\n\n\n<p class=\"has-text-align-center\" style=\"font-size:15px\"><strong>Responsable strat\u00e9gie et communication<\/strong><\/p>\n<\/div>\n<\/div>\n\n\n\n<h3 class=\"wp-block-heading\">\ud83d\udcaa <strong>La communaut\u00e9&nbsp;d&rsquo;experts qui aide b\u00e9n\u00e9volement Technovation Girls France au quotidien<\/strong>&nbsp;:<\/h3>\n\n\n\n<ul class=\"wp-block-list\">\n<li style=\"font-size:15px\">S\u00e9gol\u00e8ne Finet : partenariats entreprise<\/li>\n\n\n\n<li>H\u00e9l\u00e8ne Langlois, <a href=\"http:\/\/langlois-avocat.com\/#expertise\" target=\"_blank\" rel=\"noopener\" title=\"avocate\">avocate<\/a> au barreau de Paris : conseil juridique<\/li>\n\n\n\n<li>Pierre Oucif : CTO <br><\/li>\n\n\n\n<li>Juliette Leroy : community management r\u00e9seaux sociaux<\/li>\n\n\n\n<li style=\"font-size:15px\">Clara Segui : d\u00e9veloppement du site web et photographie<br><\/li>\n\n\n\n<li style=\"font-size:15px\">Anne-Laure Janvier : intervenante programme, cours de vid\u00e9o<\/li>\n\n\n\n<li style=\"font-size:15px\">Elodie Litzler : intervenante programme, cours de pitch<\/li>\n\n\n\n<li style=\"font-size:15px\">Maxime Thureau : intervenant programme, cours de design <br><br>Technovation Girls France recherche des experts b\u00e9n\u00e9voles ! Cliquez <a href=\"https:\/\/technovationfrance.fr\/index.php\/benevoles\/\" title=\"\">ici<\/a> pour en savoir plus.<\/li>\n<\/ul>\n<\/div><\/div>\n\n\n\n<div class=\"wp-block-cover alignfull\" style=\"padding-top:45px;padding-right:45px;padding-bottom:45px;padding-left:45px;min-height:50px;aspect-ratio:unset;\"><span aria-hidden=\"true\" class=\"wp-block-cover__background has-ast-global-color-5-background-color has-background-dim-100 has-background-dim\"><\/span><div class=\"wp-block-cover__inner-container is-layout-flow wp-block-cover-is-layout-flow\">\n<h3 class=\"wp-block-heading has-text-align-center has-text-color has-large-font-size\" style=\"color:#0076cf\"><strong>Nos objectifs<\/strong><\/h3>\n\n\n\n<p class=\"has-text-align-center has-ast-global-color-8-color has-text-color\" style=\"font-size:15px\">\ud83c\udf1f <strong>Notre \u00e9toile polaire : 50% de jeunes filles dans les fili\u00e8res STEM\/STIM post BAC<\/strong><\/p>\n\n\n\n<p class=\"has-text-align-center has-ast-global-color-8-color has-text-color\" style=\"font-size:15px\"><strong>OBJECTIF 1<\/strong> : <strong>IMPACT<\/strong><br>Augmenter le nombre de jeunes filles sensibilis\u00e9es et form\u00e9es gr\u00e2ce au programme Technovation.<\/p>\n\n\n\n<p class=\"has-text-align-center has-ast-global-color-8-color has-text-color\" style=\"font-size:15px\"><strong>OBJECTIF 2<\/strong> : <strong>\u00c9GALIT\u00c9 DES CHANCES<\/strong><br>Faciliter l\u2019acc\u00e8s au monde de la tech aux jeunes filles issues de populations et territoires moins favoris\u00e9s<\/p>\n\n\n\n<p class=\"has-text-align-center has-ast-global-color-8-color has-text-color\" style=\"font-size:15px\"><strong>OBJECTIF 3 : INFLUENCE<\/strong><br>Influer sur le d\u00e9bat public pour porter nos convictions au plus haut niveau.<\/p>\n\n\n\n<p class=\"has-text-align-center has-ast-global-color-8-color has-text-color\" style=\"font-size:15px\"><strong>OBJECTIF 4 : COMMUNAUT\u00c9<\/strong><br>D\u00e9velopper une communaut\u00e9 de soutien solidaire autour des jeunes filles pendant et apr\u00e8s le programme.<\/p>\n<\/div><\/div>\n\n\n\n<div class=\"wp-block-cover alignfull\" style=\"min-height:50px;aspect-ratio:unset;\"><span aria-hidden=\"true\" class=\"wp-block-cover__background has-background-dim-100 has-background-dim\" style=\"background-color:#0076cf\"><\/span><div class=\"wp-block-cover__inner-container is-layout-flow wp-block-cover-is-layout-flow\">\n<h3 class=\"wp-block-heading has-text-align-center has-large-font-size\"><strong>Les \u00e9v\u00e9nements<\/strong><\/h3>\n\n\n\n<p class=\"has-text-align-center\"><strong>Technovation Girls France c\u2019est aussi des \u00e9v\u00e8nements <\/strong>pour<strong> <\/strong>d\u00e9couvrir le monde de l\u2019innovation gr\u00e2ce \u00e0 des des \u00e9v\u00e9nements et des visites d\u2019entreprises.&nbsp;<strong>Chaque ann\u00e9e, un programme de rencontres, facultatif, est propos\u00e9 aux participantes. <\/strong><\/p>\n\n\n\n<figure class=\"wp-block-gallery has-nested-images columns-default is-cropped wp-block-gallery-1 is-layout-flex wp-block-gallery-is-layout-flex\">\n<figure class=\"wp-block-image size-large\"><img loading=\"lazy\" decoding=\"async\" width=\"1024\" height=\"683\" data-id=\"1882\" src=\"https:\/\/technovationfrance.fr\/wp-content\/uploads\/2025\/04\/IMG_6367-43-1024x683.jpg\" alt=\"\" class=\"wp-image-1882\" srcset=\"https:\/\/technovationfrance.fr\/wp-content\/uploads\/2025\/04\/IMG_6367-43-1024x683.jpg 1024w, https:\/\/technovationfrance.fr\/wp-content\/uploads\/2025\/04\/IMG_6367-43-300x200.jpg 300w, https:\/\/technovationfrance.fr\/wp-content\/uploads\/2025\/04\/IMG_6367-43-768x512.jpg 768w, https:\/\/technovationfrance.fr\/wp-content\/uploads\/2025\/04\/IMG_6367-43-1536x1024.jpg 1536w, https:\/\/technovationfrance.fr\/wp-content\/uploads\/2025\/04\/IMG_6367-43-2048x1365.jpg 2048w\" sizes=\"auto, (max-width: 1024px) 100vw, 1024px\" \/><figcaption class=\"wp-element-caption\">C\u00e9r\u00e9monie d&rsquo;ouverture \u00e0 Ecole 42<\/figcaption><\/figure>\n\n\n\n<figure class=\"wp-block-image size-large\"><img loading=\"lazy\" decoding=\"async\" width=\"1024\" height=\"616\" data-id=\"1662\" src=\"https:\/\/technovationfrance.fr\/wp-content\/uploads\/2024\/05\/IMG_4247-1024x616.jpg\" alt=\"\" class=\"wp-image-1662\" srcset=\"https:\/\/technovationfrance.fr\/wp-content\/uploads\/2024\/05\/IMG_4247-1024x616.jpg 1024w, https:\/\/technovationfrance.fr\/wp-content\/uploads\/2024\/05\/IMG_4247-300x180.jpg 300w, https:\/\/technovationfrance.fr\/wp-content\/uploads\/2024\/05\/IMG_4247-768x462.jpg 768w, https:\/\/technovationfrance.fr\/wp-content\/uploads\/2024\/05\/IMG_4247-1536x923.jpg 1536w, https:\/\/technovationfrance.fr\/wp-content\/uploads\/2024\/05\/IMG_4247-2048x1231.jpg 2048w\" sizes=\"auto, (max-width: 1024px) 100vw, 1024px\" \/><figcaption class=\"wp-element-caption\">Interview d&rsquo;Hugo D\u00e9crypte par Matthieu Stefani<br>\u00e0 Station F<\/figcaption><\/figure>\n\n\n\n<figure class=\"wp-block-image size-large\"><img loading=\"lazy\" decoding=\"async\" width=\"1024\" height=\"819\" data-id=\"942\" src=\"https:\/\/technovationfrance.fr\/wp-content\/uploads\/2023\/07\/IMG_2168-1-1024x819.jpg\" alt=\"\" class=\"wp-image-942\" srcset=\"https:\/\/technovationfrance.fr\/wp-content\/uploads\/2023\/07\/IMG_2168-1-1024x819.jpg 1024w, https:\/\/technovationfrance.fr\/wp-content\/uploads\/2023\/07\/IMG_2168-1-300x240.jpg 300w, https:\/\/technovationfrance.fr\/wp-content\/uploads\/2023\/07\/IMG_2168-1-768x614.jpg 768w, https:\/\/technovationfrance.fr\/wp-content\/uploads\/2023\/07\/IMG_2168-1-1536x1229.jpg 1536w, https:\/\/technovationfrance.fr\/wp-content\/uploads\/2023\/07\/IMG_2168-1.jpg 2048w\" sizes=\"auto, (max-width: 1024px) 100vw, 1024px\" \/><figcaption class=\"wp-element-caption\">Salon VivaTech<\/figcaption><\/figure>\n\n\n\n<figure class=\"wp-block-image size-large\"><img loading=\"lazy\" decoding=\"async\" width=\"1024\" height=\"768\" data-id=\"1887\" src=\"http:\/\/technovationfrance.fr\/wp-content\/uploads\/2025\/04\/IMG_5354-1024x768.jpeg\" alt=\"\" class=\"wp-image-1887\" srcset=\"https:\/\/technovationfrance.fr\/wp-content\/uploads\/2025\/04\/IMG_5354-1024x768.jpeg 1024w, https:\/\/technovationfrance.fr\/wp-content\/uploads\/2025\/04\/IMG_5354-300x225.jpeg 300w, https:\/\/technovationfrance.fr\/wp-content\/uploads\/2025\/04\/IMG_5354-768x576.jpeg 768w, https:\/\/technovationfrance.fr\/wp-content\/uploads\/2025\/04\/IMG_5354-1536x1152.jpeg 1536w, https:\/\/technovationfrance.fr\/wp-content\/uploads\/2025\/04\/IMG_5354-2048x1536.jpeg 2048w\" sizes=\"auto, (max-width: 1024px) 100vw, 1024px\" \/><figcaption class=\"wp-element-caption\">Visite de l&rsquo;entreprise MALT<\/figcaption><\/figure>\n\n\n\n<figure class=\"wp-block-image size-large\"><img loading=\"lazy\" decoding=\"async\" width=\"1024\" height=\"576\" data-id=\"943\" src=\"https:\/\/technovationfrance.fr\/wp-content\/uploads\/2023\/07\/IMG_2556-1-1024x576.jpg\" alt=\"\" class=\"wp-image-943\" srcset=\"https:\/\/technovationfrance.fr\/wp-content\/uploads\/2023\/07\/IMG_2556-1-1024x576.jpg 1024w, https:\/\/technovationfrance.fr\/wp-content\/uploads\/2023\/07\/IMG_2556-1-300x169.jpg 300w, https:\/\/technovationfrance.fr\/wp-content\/uploads\/2023\/07\/IMG_2556-1-768x432.jpg 768w, https:\/\/technovationfrance.fr\/wp-content\/uploads\/2023\/07\/IMG_2556-1-1536x864.jpg 1536w, https:\/\/technovationfrance.fr\/wp-content\/uploads\/2023\/07\/IMG_2556-1-2048x1152.jpg 2048w\" sizes=\"auto, (max-width: 1024px) 100vw, 1024px\" \/><figcaption class=\"wp-element-caption\">\u00ab\u00a0Osons les sciences\u00a0\u00bb \u00e0 l&rsquo;Assembl\u00e9e Nationale<\/figcaption><\/figure>\n\n\n\n<figure class=\"wp-block-image size-large\"><img loading=\"lazy\" decoding=\"async\" width=\"1024\" height=\"683\" data-id=\"1897\" src=\"http:\/\/technovationfrance.fr\/wp-content\/uploads\/2025\/04\/CEREMONIE_CLOTURE_TECHNOVATION_GIRLS-91-1024x683.jpg\" alt=\"\" class=\"wp-image-1897\" srcset=\"https:\/\/technovationfrance.fr\/wp-content\/uploads\/2025\/04\/CEREMONIE_CLOTURE_TECHNOVATION_GIRLS-91-1024x683.jpg 1024w, https:\/\/technovationfrance.fr\/wp-content\/uploads\/2025\/04\/CEREMONIE_CLOTURE_TECHNOVATION_GIRLS-91-300x200.jpg 300w, https:\/\/technovationfrance.fr\/wp-content\/uploads\/2025\/04\/CEREMONIE_CLOTURE_TECHNOVATION_GIRLS-91-768x512.jpg 768w, https:\/\/technovationfrance.fr\/wp-content\/uploads\/2025\/04\/CEREMONIE_CLOTURE_TECHNOVATION_GIRLS-91-1536x1024.jpg 1536w, https:\/\/technovationfrance.fr\/wp-content\/uploads\/2025\/04\/CEREMONIE_CLOTURE_TECHNOVATION_GIRLS-91-2048x1366.jpg 2048w\" sizes=\"auto, (max-width: 1024px) 100vw, 1024px\" \/><figcaption class=\"wp-element-caption\">C\u00e9r\u00e9monie de remise des dipl\u00f4mes<\/figcaption><\/figure>\n<\/figure>\n<\/div><\/div>\n","protected":false},"excerpt":{"rendered":"","protected":false},"author":1,"featured_media":0,"parent":0,"menu_order":0,"comment_status":"closed","ping_status":"closed","template":"","meta":{"_seopress_robots_primary_cat":"","om_disable_all_campaigns":false,"_uag_custom_page_level_css":"","_monsterinsights_skip_tracking":false,"_monsterinsights_sitenote_active":false,"_monsterinsights_sitenote_note":"","_monsterinsights_sitenote_category":0,"site-sidebar-layout":"default","site-content-layout":"","ast-site-content-layout":"default","site-content-style":"default","site-sidebar-style":"default","ast-global-header-display":"","ast-banner-title-visibility":"","ast-main-header-display":"","ast-hfb-above-header-display":"","ast-hfb-below-header-display":"","ast-hfb-mobile-header-display":"","site-post-title":"disabled","ast-breadcrumbs-content":"","ast-featured-img":"","footer-sml-layout":"","theme-transparent-header-meta":"","adv-header-id-meta":"","stick-header-meta":"","header-above-stick-meta":"","header-main-stick-meta":"","header-below-stick-meta":"","astra-migrate-meta-layouts":"set","footnotes":""},"class_list":["post-354","page","type-page","status-publish","hentry"],"aioseo_notices":[],"uagb_featured_image_src":{"full":false,"thumbnail":false,"medium":false,"medium_large":false,"large":false,"1536x1536":false,"2048x2048":false},"uagb_author_info":{"display_name":"admin6217","author_link":"https:\/\/technovationfrance.fr\/index.php\/author\/admin6217\/"},"uagb_comment_info":0,"uagb_excerpt":null,"_links":{"self":[{"href":"https:\/\/technovationfrance.fr\/index.php\/wp-json\/wp\/v2\/pages\/354","targetHints":{"allow":["GET"]}}],"collection":[{"href":"https:\/\/technovationfrance.fr\/index.php\/wp-json\/wp\/v2\/pages"}],"about":[{"href":"https:\/\/technovationfrance.fr\/index.php\/wp-json\/wp\/v2\/types\/page"}],"author":[{"embeddable":true,"href":"https:\/\/technovationfrance.fr\/index.php\/wp-json\/wp\/v2\/users\/1"}],"replies":[{"embeddable":true,"href":"https:\/\/technovationfrance.fr\/index.php\/wp-json\/wp\/v2\/comments?post=354"}],"version-history":[{"count":98,"href":"https:\/\/technovationfrance.fr\/index.php\/wp-json\/wp\/v2\/pages\/354\/revisions"}],"predecessor-version":[{"id":1997,"href":"https:\/\/technovationfrance.fr\/index.php\/wp-json\/wp\/v2\/pages\/354\/revisions\/1997"}],"wp:attachment":[{"href":"https:\/\/technovationfrance.fr\/index.php\/wp-json\/wp\/v2\/media?parent=354"}],"curies":[{"name":"wp","href":"https:\/\/api.w.org\/{rel}","templated":true}]}}