{"id":351,"date":"2023-06-28T18:09:50","date_gmt":"2023-06-28T16:09:50","guid":{"rendered":"https:\/\/technovationfrance.fr\/?page_id=351"},"modified":"2025-10-21T08:04:18","modified_gmt":"2025-10-21T06:04:18","slug":"presentation","status":"publish","type":"page","link":"https:\/\/technovationfrance.fr\/index.php\/presentation\/","title":{"rendered":"Pr\u00e9sentation"},"content":{"rendered":"\n<div class=\"wp-block-cover alignfull is-light\" style=\"min-height:580px;aspect-ratio:unset;\"><img loading=\"lazy\" decoding=\"async\" width=\"2560\" height=\"1707\" class=\"wp-block-cover__image-background wp-image-238\" alt=\"\" src=\"https:\/\/technovationfrance.fr\/wp-content\/uploads\/2023\/06\/2022-Germany-CREDIT_DKJS_Franziska_Schmitt-102-scaled.jpg\" data-object-fit=\"cover\" srcset=\"https:\/\/technovationfrance.fr\/wp-content\/uploads\/2023\/06\/2022-Germany-CREDIT_DKJS_Franziska_Schmitt-102-scaled.jpg 2560w, https:\/\/technovationfrance.fr\/wp-content\/uploads\/2023\/06\/2022-Germany-CREDIT_DKJS_Franziska_Schmitt-102-300x200.jpg 300w, https:\/\/technovationfrance.fr\/wp-content\/uploads\/2023\/06\/2022-Germany-CREDIT_DKJS_Franziska_Schmitt-102-1024x683.jpg 1024w, https:\/\/technovationfrance.fr\/wp-content\/uploads\/2023\/06\/2022-Germany-CREDIT_DKJS_Franziska_Schmitt-102-768x512.jpg 768w, https:\/\/technovationfrance.fr\/wp-content\/uploads\/2023\/06\/2022-Germany-CREDIT_DKJS_Franziska_Schmitt-102-1536x1024.jpg 1536w, https:\/\/technovationfrance.fr\/wp-content\/uploads\/2023\/06\/2022-Germany-CREDIT_DKJS_Franziska_Schmitt-102-2048x1365.jpg 2048w\" sizes=\"auto, (max-width: 2560px) 100vw, 2560px\" \/><span aria-hidden=\"true\" class=\"wp-block-cover__background has-background-dim-30 has-background-dim\"><\/span><div class=\"wp-block-cover__inner-container is-layout-flow wp-block-cover-is-layout-flow\">\n<h1 class=\"wp-block-heading has-text-align-left has-ast-global-color-5-color has-text-color\">Pr\u00e9sentation<br>du programme <\/h1>\n<\/div><\/div>\n\n\n\n<div class=\"wp-block-cover alignfull\" style=\"padding-top:0;padding-right:0;padding-bottom:0;padding-left:0;min-height:85px;aspect-ratio:unset;\"><span aria-hidden=\"true\" class=\"wp-block-cover__background has-background-dim-100 has-background-dim\" style=\"background-color:#0076cf\"><\/span><div class=\"wp-block-cover__inner-container is-layout-flow wp-block-cover-is-layout-flow\">\n<p><\/p>\n\n\n\n<h3 class=\"wp-block-heading has-text-align-center has-medium-font-size\">PROGRAMME GRATUIT<br>Les inscriptions sont closes pour la saison 2025-2026.<br><strong><a href=\"https:\/\/020d8c5f.sibforms.com\/serve\/MUIFAPfKdvK7o2CIQhgP4baaKvWGI9rRImePQgbJ7JbRAr9a8FpR2c_G_sPW4KeQ2PmmdWbqOuC8QLinD22lJ7XePk47bxh-TwcxgcdZcHAOx8ZF8mhu8nvgjVCyVfAz8PRrEHdzM7c4Cf9RH5U4x57qwBWjkG7OnYS5aKbyp5Ezu3UHreVcbJ9kCKQSl8KTIvcfCOBPun1JqCMr\">Etre alert\u00e9 de l&rsquo;ouverture des prochaines inscriptions<\/a><\/strong><br><br><\/h3>\n<\/div><\/div>\n\n\n\n<div class=\"wp-block-cover alignfull has-ast-global-color-8-color has-text-color\" style=\"padding-right:var(--wp--preset--spacing--80);padding-left:var(--wp--preset--spacing--80);min-height:528px;aspect-ratio:unset;\"><span aria-hidden=\"true\" class=\"wp-block-cover__background has-ast-global-color-5-background-color has-background-dim-100 has-background-dim\"><\/span><div class=\"wp-block-cover__inner-container is-layout-flow wp-block-cover-is-layout-flow\">\n<h3 class=\"wp-block-heading has-text-align-center has-text-color has-large-font-size\" style=\"color:#0076cf\"><strong>6 mois pour se former et monter un projet \u00e0 impact positif<\/strong><\/h3>\n\n\n\n<div class=\"wp-block-uagb-container uagb-block-97d1008b alignfull uagb-is-root-container\">\n<div class=\"wp-block-uagb-container uagb-block-bb81311e\">\n<p class=\"has-ast-global-color-8-color has-text-color\" style=\"font-size:15px\">Tu as entre 13 et 17 ans et tu t\u2019int\u00e9resses aux&nbsp;<strong>m\u00e9tiers de la tech<\/strong> et \u00e0 l&rsquo;entrepreneuriat ? Ce programme est fait pour toi ! Les cours sont gratuits et en&nbsp;<strong>distanciel<\/strong>&nbsp;donc tu peux t\u2019inscrire o\u00f9 que tu habites en France et quelque soit ton niveau.<br><br>Des sessions de 2 heures hebdomadaires, en distanciel, chaque samedi matin de 10h30 \u00e0 12h30 :<br>&#8211; <strong>Apprentissage des bases de la programmation et de l\u2019intelligence artificielle <\/strong>ainsi que des notions de marketing et de finance pour structurer un business plan.<br>&#8211; <strong>Atelier projet en \u00e9quipe<\/strong> : des \u00e9quipes de 3 \u00e0 5 participantes sont form\u00e9es pour d\u00e9velopper une id\u00e9e d\u2019application \u00e0 impact positif, cr\u00e9er un prototype et r\u00e9fl\u00e9chir \u00e0 la strat\u00e9gie de d\u00e9veloppement associ\u00e9e.<br><br><a href=\"https:\/\/technovationfrance.fr\/index.php\/projets\/\" title=\"\">Voir des exemples de projets<\/a><\/p>\n<\/div>\n\n\n\n<div class=\"wp-block-uagb-container uagb-block-abad0f33\">\n<figure class=\"wp-block-image size-large is-resized is-style-default\"><img decoding=\"async\" src=\"https:\/\/technovationfrance.fr\/wp-content\/uploads\/2025\/04\/2022-Germany-CREDIT_DKJS_Franziska_Schmitt-106-1024x683.jpg\" alt=\"\" style=\"width:496px;height:auto\"\/><\/figure>\n<\/div>\n<\/div>\n<\/div><\/div>\n\n\n\n<div class=\"wp-block-cover alignfull\" style=\"min-height:515px;aspect-ratio:unset;\"><span aria-hidden=\"true\" class=\"wp-block-cover__background has-background-dim-100 has-background-dim\" style=\"background-color:#0076cf\"><\/span><div class=\"wp-block-cover__inner-container is-layout-flow wp-block-cover-is-layout-flow\">\n<h3 class=\"wp-block-heading has-text-align-center has-large-font-size\"><strong>Ce que tu vas apprendre<\/strong><\/h3>\n\n\n\n<div class=\"wp-block-uagb-container uagb-block-35fe620f default uagb-is-root-container\">\n<div class=\"wp-block-uagb-container uagb-block-8de8370f\">\n<figure class=\"wp-block-image aligncenter size-large has-custom-border\"><img loading=\"lazy\" decoding=\"async\" width=\"1024\" height=\"683\" src=\"https:\/\/technovationfrance.fr\/wp-content\/uploads\/2023\/06\/2016-WP_PitchNight-265-1-1024x683.jpg\" alt=\"Jeunes filles en train de travailler\" class=\"wp-image-260\" style=\"border-radius:20px;object-fit:cover\" srcset=\"https:\/\/technovationfrance.fr\/wp-content\/uploads\/2023\/06\/2016-WP_PitchNight-265-1-1024x683.jpg 1024w, https:\/\/technovationfrance.fr\/wp-content\/uploads\/2023\/06\/2016-WP_PitchNight-265-1-300x200.jpg 300w, https:\/\/technovationfrance.fr\/wp-content\/uploads\/2023\/06\/2016-WP_PitchNight-265-1-768x512.jpg 768w, https:\/\/technovationfrance.fr\/wp-content\/uploads\/2023\/06\/2016-WP_PitchNight-265-1-1536x1024.jpg 1536w, https:\/\/technovationfrance.fr\/wp-content\/uploads\/2023\/06\/2016-WP_PitchNight-265-1-2048x1365.jpg 2048w\" sizes=\"auto, (max-width: 1024px) 100vw, 1024px\" \/><\/figure>\n<\/div>\n\n\n\n<div class=\"wp-block-uagb-container uagb-block-ce71a5d1\">\n<p class=\"has-text-align-left\" style=\"font-size:15px\"><strong>Id\u00e9ation<\/strong> <br>Identifier un probl\u00e8me de soci\u00e9t\u00e9 et imaginer une solution technologique..<br><br><strong>Technologie et Intelligence artificielle<\/strong> <br>Apprendre \u00e0 utiliser des mod\u00e8les algorithmiques, apprendre \u00e0 coder une application mobile.<br><br><strong>Entrepreneuriat<\/strong><br>Faire une \u00e9tude de march\u00e9 et r\u00e9fl\u00e9chir une strat\u00e9gie de lancement de produit. Monter un projet.<br><br><strong>Pr\u00e9sentation\/Cr\u00e9ation<\/strong><br>Promouvoir et expliquer son id\u00e9e en la pr\u00e9sentant en vid\u00e9o.<\/p>\n<\/div>\n<\/div>\n<\/div><\/div>\n\n\n\n<div class=\"wp-block-cover alignfull\" style=\"min-height:535px;aspect-ratio:unset;\"><span aria-hidden=\"true\" class=\"wp-block-cover__background has-ast-global-color-5-background-color has-background-dim-100 has-background-dim\"><\/span><div class=\"wp-block-cover__inner-container is-layout-flow wp-block-cover-is-layout-flow\">\n<h3 class=\"wp-block-heading has-text-align-center has-text-color has-large-font-size\" style=\"color:#0076cf\">  <strong>Un grand concours \u00e0 l\u2019\u00e9chelle mondiale<\/strong><\/h3>\n\n\n\n<div class=\"wp-block-uagb-container uagb-block-20c5c59a default uagb-is-root-container\">\n<div class=\"wp-block-uagb-container uagb-block-75e35752\">\n<p class=\"has-text-align-left has-ast-global-color-8-color has-text-color\" style=\"font-size:15px\">A l\u2019issue du programme, chaque \u00e9quipe soumet son projet au challenge organis\u00e9 par l&rsquo;association internationale <a href=\"http:\/\/technovation.org\/\" target=\"_blank\" rel=\"noopener\" title=\"\">Technovation.org<\/a>.<\/p>\n\n\n\n<p class=\"has-text-align-left has-ast-global-color-8-color has-text-color\" style=\"font-size:15px\">Les \u00e9quipes finalistes sont invit\u00e9es \u00e0 pr\u00e9senter leur projet lors du Technovation World Summit en Californie et peuvent remporter une dotation \u00e9ducative de 750 dollars par personne.<br><br>Depuis 2010, plus de 150 000 filles de plus de 100 pays y ont particip\u00e9.<br><br>Pour voir des exemples de projets du monde entier, <a href=\"https:\/\/www.technovation.org\/app-gallery\/\" target=\"_blank\" rel=\"noopener\" title=\"c'est par ici\">c&rsquo;est par ici<\/a>.<\/p>\n<\/div>\n\n\n\n<div class=\"wp-block-uagb-container uagb-block-ea79df0b\">\n<figure class=\"wp-block-image size-full is-resized has-custom-border\"><img loading=\"lazy\" decoding=\"async\" width=\"2560\" height=\"1707\" src=\"https:\/\/technovationfrance.fr\/wp-content\/uploads\/2023\/06\/2017-WP_google_AwardCeremony-734-2-scaled.jpg\" alt=\"\" class=\"wp-image-318\" style=\"border-radius:20px;aspect-ratio:1.492063492063492;object-fit:cover;width:436px;height:auto\" srcset=\"https:\/\/technovationfrance.fr\/wp-content\/uploads\/2023\/06\/2017-WP_google_AwardCeremony-734-2-scaled.jpg 2560w, https:\/\/technovationfrance.fr\/wp-content\/uploads\/2023\/06\/2017-WP_google_AwardCeremony-734-2-300x200.jpg 300w, https:\/\/technovationfrance.fr\/wp-content\/uploads\/2023\/06\/2017-WP_google_AwardCeremony-734-2-1024x683.jpg 1024w, https:\/\/technovationfrance.fr\/wp-content\/uploads\/2023\/06\/2017-WP_google_AwardCeremony-734-2-768x512.jpg 768w\" sizes=\"auto, (max-width: 2560px) 100vw, 2560px\" \/><\/figure>\n<\/div>\n<\/div>\n<\/div><\/div>\n","protected":false},"excerpt":{"rendered":"","protected":false},"author":1,"featured_media":0,"parent":0,"menu_order":0,"comment_status":"closed","ping_status":"closed","template":"","meta":{"_seopress_robots_primary_cat":"","om_disable_all_campaigns":false,"_uag_custom_page_level_css":"","_monsterinsights_skip_tracking":false,"_monsterinsights_sitenote_active":false,"_monsterinsights_sitenote_note":"","_monsterinsights_sitenote_category":0,"site-sidebar-layout":"default","site-content-layout":"","ast-site-content-layout":"default","site-content-style":"default","site-sidebar-style":"default","ast-global-header-display":"","ast-banner-title-visibility":"","ast-main-header-display":"","ast-hfb-above-header-display":"","ast-hfb-below-header-display":"","ast-hfb-mobile-header-display":"","site-post-title":"disabled","ast-breadcrumbs-content":"","ast-featured-img":"","footer-sml-layout":"","theme-transparent-header-meta":"","adv-header-id-meta":"","stick-header-meta":"","header-above-stick-meta":"","header-main-stick-meta":"","header-below-stick-meta":"","astra-migrate-meta-layouts":"set","footnotes":""},"class_list":["post-351","page","type-page","status-publish","hentry"],"aioseo_notices":[],"uagb_featured_image_src":{"full":false,"thumbnail":false,"medium":false,"medium_large":false,"large":false,"1536x1536":false,"2048x2048":false},"uagb_author_info":{"display_name":"admin6217","author_link":"https:\/\/technovationfrance.fr\/index.php\/author\/admin6217\/"},"uagb_comment_info":0,"uagb_excerpt":null,"_links":{"self":[{"href":"https:\/\/technovationfrance.fr\/index.php\/wp-json\/wp\/v2\/pages\/351","targetHints":{"allow":["GET"]}}],"collection":[{"href":"https:\/\/technovationfrance.fr\/index.php\/wp-json\/wp\/v2\/pages"}],"about":[{"href":"https:\/\/technovationfrance.fr\/index.php\/wp-json\/wp\/v2\/types\/page"}],"author":[{"embeddable":true,"href":"https:\/\/technovationfrance.fr\/index.php\/wp-json\/wp\/v2\/users\/1"}],"replies":[{"embeddable":true,"href":"https:\/\/technovationfrance.fr\/index.php\/wp-json\/wp\/v2\/comments?post=351"}],"version-history":[{"count":120,"href":"https:\/\/technovationfrance.fr\/index.php\/wp-json\/wp\/v2\/pages\/351\/revisions"}],"predecessor-version":[{"id":1993,"href":"https:\/\/technovationfrance.fr\/index.php\/wp-json\/wp\/v2\/pages\/351\/revisions\/1993"}],"wp:attachment":[{"href":"https:\/\/technovationfrance.fr\/index.php\/wp-json\/wp\/v2\/media?parent=351"}],"curies":[{"name":"wp","href":"https:\/\/api.w.org\/{rel}","templated":true}]}}