{"id":291,"date":"2023-06-25T21:19:47","date_gmt":"2023-06-25T19:19:47","guid":{"rendered":"https:\/\/technovationfrance.fr\/?page_id=291"},"modified":"2026-03-06T12:39:00","modified_gmt":"2026-03-06T11:39:00","slug":"faq","status":"publish","type":"page","link":"https:\/\/technovationfrance.fr\/index.php\/faq\/","title":{"rendered":"FAQ"},"content":{"rendered":"\n<div style=\"height:37px\" aria-hidden=\"true\" class=\"wp-block-spacer\"><\/div>\n\n\n\n<h2 class=\"wp-block-heading has-text-align-left\">QUESTIONS FR\u00c9QUENTES<\/h2>\n\n\n\n<h3 class=\"wp-block-heading has-text-align-left has-text-color\" style=\"color:#0076cf;font-size:30px\"><strong>Informations et inscription au programme France<\/strong><\/h3>\n\n\n\n<p class=\"has-ast-global-color-8-color has-text-color\" style=\"font-size:15px\"><strong>Quelles sont les prochaines dates du programme ?<br><\/strong>La saison 4 du programme Technovation Girls France se d\u00e9rouile de novembre 2025 \u00e0 mai 2026.<br><\/p>\n\n\n\n<p class=\"has-ast-global-color-8-color has-text-color\"><strong>Quand s\u2019inscrire ?<br><\/strong>Les inscriptions pour la saison 2025-2026 sont ouvertes du 16 mai au 19 octobre 2025.<\/p>\n\n\n\n<p class=\"has-ast-global-color-8-color has-text-color\" style=\"font-size:15px\"><strong>Qui peut s\u2019inscrire ?<\/strong><br>Toute fille ou jeune femme<strong> n\u00e9e entre 1\/01\/2008 et le 31\/12\/2012 <\/strong>et scolaris\u00e9e de la 4e \u00e0 la Terminale en filli\u00e8res g\u00e9n\u00e9rale ou technologique, pourra s\u2019inscrire pour suivre les cours et les ateliers du programme Technovation Girls France, 2025-2026.<br>Nous accueillons toutes les personnes transgenres ainsi que celles qui s&rsquo;identifient comme non binaires ou non conformes au genre et qui souhaitent faire partie d&rsquo;un environnement f\u00e9minin.<br>A noter : il est possible de postuler librement au challenge international sans avoir suivi le programme France. Pour en savoir plus, connectez vous sur technovationchallenge.org<br><\/p>\n\n\n\n<p class=\"has-ast-global-color-8-color has-text-color\" style=\"font-size:15px\"><strong>Comment s&rsquo;inscrire si on a d\u00e9j\u00e0 une \u00e9quipe ?<\/strong><br>Toutes les filles doivent s&rsquo;inscrire individuellement sur le site Technovationfrance.fr et indiquer sur le formulaire d&rsquo;inscription dans le champ pr\u00e9vu, les noms et pr\u00e9noms des autres membres de leur \u00e9quipe (maximum 5 par \u00e9quipe). <\/p>\n\n\n\n<p class=\"has-ast-global-color-8-color has-text-color\" style=\"font-size:15px\"><strong>Combien co\u00fbte le programme ?<br><\/strong>Suivre le programme Technovation Girls est enti\u00e8rement gratuit.<br><\/p>\n\n\n\n<p class=\"has-ast-global-color-8-color has-text-color\" style=\"font-size:15px\"><strong>Faut-il un mat\u00e9riel particulier pour pouvoir suivre le programme ?<br><\/strong>Les jeunes filles doivent \u00eatre \u00e9quip\u00e9es d\u2019une bonne connexion internet et d\u2019un ordinateur portable. Si tu souhaites participer mais que tu n\u2019es pas \u00e9quip\u00e9e, signale-nous lors de ton inscription.<br><\/p>\n\n\n\n<p class=\"has-ast-global-color-8-color has-text-color\" style=\"font-size:15px\"><strong>Comment les parents peuvent-ils participer au programme ?<br><\/strong>Le r\u00f4le principal des parents est d&rsquo;encourager leurs filles \u00e0 l\u2019assiduit\u00e9 et \u00e0 terminer le programme. Les parents peuvent \u00e9galement postuler pour devenir mentor et encadrer une \u00e9quipe. <a href=\"https:\/\/technovationfrance.fr\/index.php\/mentors\/\" title=\"Cliquez ici pour en savoir plus\">Cliquez ici pour en savoir plus<\/a>.<\/p>\n\n\n\n<div style=\"height:36px\" aria-hidden=\"true\" class=\"wp-block-spacer\"><\/div>\n\n\n\n<div style=\"height:36px\" aria-hidden=\"true\" class=\"wp-block-spacer\"><\/div>\n\n\n\n<h3 class=\"wp-block-heading has-text-align-left has-text-color\" style=\"color:#0076cf;font-size:30px\"><strong>Contenu du programme<\/strong><\/h3>\n\n\n\n<p class=\"has-ast-global-color-8-color has-text-color\" style=\"font-size:15px\"><strong><strong>Quel est le programme des cours ?<\/strong><\/strong><br>Le programme des cours est issu \u00e0 l&rsquo;origine des Etats-Unis et a \u00e9t\u00e9 adapt\u00e9 \u00e0 la France par une \u00e9quipe de professionnels. Il est organis\u00e9 en sessions qui sont con\u00e7ues pour se d\u00e9rouler sur 6 mois. Le programme Junior et Senior contient des contenus et des ateliers li\u00e9s \u00e0 ces sujets : id\u00e9ation, pitch, codage, entrepreneuriat et intelligence artificielle.<br>Technovation Girls France met en place un programme d\u2019accompagnement d\u00e9di\u00e9 aux jeunes filles fran\u00e7aises et adapt\u00e9 au context scolaire fran\u00e7ais. <br><\/p>\n\n\n\n<p class=\"has-ast-global-color-8-color has-text-color\" style=\"font-size:15px\"><strong><strong><strong>Comment se d\u00e9roulent les cours<\/strong> ?<\/strong><\/strong><br>Technovation Girls France organise cours et ateliers qui allient th\u00e9orie et pratique chaque semaine le samedi de 10h30 \u00e0 12h30. Lors de ces sessions, les jeunes filles assistent \u00e0 un cours th\u00e9orique suivi d&rsquo;une mise en pratique en petits groupes sous la forme d&rsquo;ateliers supervis\u00e9s par les mentors.<br><\/p>\n\n\n\n<p class=\"has-ast-global-color-8-color has-text-color\" style=\"font-size:15px\"><strong><strong>Que se passe-t-il si je ne peux pas assister \u00e0 une session ?<\/strong>&nbsp;<\/strong><br>L\u2019assiduit\u00e9 est une des cl\u00e9s de la r\u00e9ussite du programme. Par respect pour votre \u00e9quipe et vos mentors, nous vous demandons d\u2019assister \u00e0 l\u2019ensemble des cours. Il peut n\u00e9anmoins arriver qu\u2019une contrainte vous en emp\u00eache (examen le samedi matin par exemple), dans ce cas nous vous demandons de pr\u00e9parer et soumettre le travail assign\u00e9 avant la r\u00e9union d&rsquo;\u00e9quipe. Vous pourrez ensuite assister en replay aux cours hebdomadaires qui sont enregistr\u00e9s et partag\u00e9s \u00e0 l\u2019ensemble des \u00e9tudiantes et des mentors. Vous n\u2019aurez pas acc\u00e8s \u00e0 la session travaill\u00e9e en atelier d\u2019\u00e9quipe.<br><\/p>\n\n\n\n<p class=\"has-ast-global-color-8-color has-text-color\" style=\"font-size:15px\"><strong>Est-ce que Technovation Girls apprendra aux \u00e9l\u00e8ves \u00e0 coder ?<\/strong><br>\u00c0 la fin du programme avec Technovation Girls, les \u00e9l\u00e8ves auront acquis une compr\u00e9hension de certains principes de programmation de base et auront cr\u00e9\u00e9 un prototype d&rsquo;application mobile fonctionnel gr\u00e2ce \u00e0 la cr\u00e9ation d&rsquo;applications. Cette initiation au code et aux concepts de l\u2019intelligence artificielle permet aux jeunes filles de mieux comprendre ce qui se cache derri\u00e8re les applications qu\u2019elles utilisent au quotidien.<br><\/p>\n\n\n\n<p class=\"has-ast-global-color-8-color has-text-color\" style=\"font-size:15px\"><strong>Quels langages de programmation peut-on utiliser ?<\/strong><br>Vous pouvez utiliser App Inventor, Thunkable, Thunkable Classic, Swift et Java. Cependant, le programme est pr\u00e9par\u00e9 pour que vous puissiez utiliser Thunkable.<\/p>\n\n\n\n<div style=\"height:36px\" aria-hidden=\"true\" class=\"wp-block-spacer\"><\/div>\n\n\n\n<h3 class=\"wp-block-heading has-text-align-left has-text-color\" style=\"color:#0076cf;font-size:30px\"><strong>Mentors<\/strong><\/h3>\n\n\n\n<p class=\"has-ast-global-color-8-color has-text-color\" style=\"font-size:15px\"><strong>Quelles sont les conditions pour \u00eatre mentor ?&nbsp;<\/strong><br>Les mentors doivent avoir au moins 21 ans. Pour \u00eatre mentor, vous devez vous inscrire sur le site Web de Technovation Girls France en tant que mentor et remplir le formulaire de consentement et suivre une courte formation en ligne sur le r\u00f4le de mentor dans le programme.<br><\/p>\n\n\n\n<p class=\"has-ast-global-color-8-color has-text-color\" style=\"font-size:15px\"><strong>O\u00f9 puis-je m&rsquo;inscrire en tant que mentor?&nbsp;<\/strong><br>Pour participer au programme de cours et ateliers en France et encadrer un groupe, chaque mentor doit s&rsquo;inscrire sur notre site en remplissant le <a href=\"https:\/\/technovationfrance.fr\/index.php\/mentors\/\" title=\"formulaire\">formulaire<\/a>.<br><\/p>\n\n\n\n<p class=\"has-ast-global-color-8-color has-text-color\" style=\"font-size:15px\"><strong>Combien y a-t-il de mentors par \u00e9quipe ?&nbsp;<\/strong><br>Chaque \u00e9quipe de 3 \u00e0 5 jeunes filles peut avoir de 1 \u00e0 2 mentors.<\/p>\n\n\n\n<div style=\"height:36px\" aria-hidden=\"true\" class=\"wp-block-spacer\"><\/div>\n\n\n\n<h3 class=\"wp-block-heading has-text-align-left has-text-color\" style=\"color:#0076cf;font-size:30px\"><strong>Le challenge international<\/strong><\/h3>\n\n\n\n<p class=\"has-black-color has-text-color\" style=\"font-size:15px\"><strong>Quelles sont les dates du challenge international Technovation Girls ?<br><\/strong>Les dates du prochain challenge organis\u00e9 par Technovation.org ne sont pas encore connues. Voici les dates de la saison pr\u00e9c\u00e9dente :<br><br>&#8211; jusqu&rsquo;\u00e0 mars 2025 : inscriptions des \u00e9quipes au challenge Technovation <br>&#8211; 5 mai 2025 : date limite pour soumettre le dossier complet de son projet au challenge<br>&#8211; fin mai 2025 : annonce des demi-finalistes<br>&#8211; d\u00e9but juillet 2025 : annonce des finalistes<br>&#8211; octobre 2025 : Technovation World Summit<\/p>\n\n\n\n<p class=\"has-black-color has-text-color\" style=\"font-size:15px\"><br><\/p>\n\n\n\n<p class=\"has-ast-global-color-8-color has-text-color\" style=\"font-size:15px\"><strong>Comment postuler au challenge international Technovation Girls ?<\/strong><br>Pour participer au challenge international Technovation, chaque jeune fille doit cr\u00e9er une \u00e9quipe\/rejoindre une \u00e9quipe sur la plateforme technovationchallenge.org et faire signer \u00e0 ses parents ou repr\u00e9sentant l\u00e9gal le formulaire de consentement.<br>Toutes les \u00e9quipes doivent remplir le CV de leur cat\u00e9gorie, en soumettant une description de l&rsquo;application, le code source de l&rsquo;application, une vid\u00e9o de pr\u00e9sentation, une vid\u00e9o technique et 2 \u00e0 6 captures d&rsquo;\u00e9cran de l&rsquo;application.<br>Les \u00e9quipes juniors doivent en outre fournir le plan d&rsquo;adoption des utilisateurs.<br>Les \u00e9quipes seniors doivent en outre fournir le plan d&rsquo;adoption des utilisateurs et le business plan.<br><\/p>\n\n\n\n<p class=\"has-ast-global-color-8-color has-text-color\" style=\"font-size:15px\"><strong>Quelle est la diff\u00e9rence entre \u00e9quipe d\u00e9butant, junior et senior ?<\/strong> (challenge international)<br>Si tous les membres de l&rsquo;\u00e9quipe ont entre 8 et 12 ans au 08\/01\/2025, l&rsquo;\u00e9quipe sera consid\u00e9r\u00e9e comme <strong>d\u00e9butante.<\/strong><br>Si tous les membres de l&rsquo;\u00e9quipe ont entre 13 et 15 ans au 08\/01\/2025 l&rsquo;\u00e9quipe sera consid\u00e9r\u00e9e comme <strong>junior <\/strong>.<br>Si tous les membres de l&rsquo;\u00e9quipe ont entre 16 et 18 ans au 08\/01\/2025, l&rsquo;\u00e9quipe sera consid\u00e9r\u00e9e comme <strong>senior <\/strong>.<br>La division de l&rsquo;\u00e9quipe est d\u00e9cid\u00e9e en fonction de la fille la plus \u00e2g\u00e9e.<br><\/p>\n\n\n\n<p class=\"has-ast-global-color-8-color has-text-color\" style=\"font-size:15px\"><strong><strong>Dois-je parler couramment anglais pour postuler au challenge international ?<\/strong><\/strong><br>L\u2019ensemble du dossier doit \u00eatre remis en anglais (vid\u00e9os sous-titr\u00e9es, business plan en anglais). N\u00e9anmoins, il n\u2019est pas obligatoire de parler anglais puisque vous pouvez vous faire aider pour les traductions par votre mentor ou un autre membre de l\u2019\u00e9quipe.<br><\/p>\n\n\n\n<p class=\"has-ast-global-color-8-color has-text-color\" style=\"font-size:15px\"><strong>Puis-je participer au challenge si j&rsquo;ai d\u00e9j\u00e0 particip\u00e9 l&rsquo;ann\u00e9e derni\u00e8re ? <\/strong><br>Bien s\u00fbr !<\/p>\n\n\n\n<div style=\"height:100px\" aria-hidden=\"true\" class=\"wp-block-spacer\"><\/div>\n","protected":false},"excerpt":{"rendered":"<p>QUESTIONS FR\u00c9QUENTES Informations et inscription au programme France Quelles sont les prochaines dates du programme ?La saison 4 du programme Technovation Girls France se d\u00e9rouile de novembre 2025 \u00e0 mai 2026. Quand s\u2019inscrire ?Les inscriptions pour la saison 2025-2026 sont ouvertes du 16 mai au 19 octobre 2025. Qui peut s\u2019inscrire ?Toute fille ou jeune &hellip;<\/p>\n<p class=\"read-more\"> <a class=\"\" href=\"https:\/\/technovationfrance.fr\/index.php\/faq\/\"> <span class=\"screen-reader-text\">FAQ<\/span> Lire la suite\u00a0\u00bb<\/a><\/p>\n","protected":false},"author":1,"featured_media":0,"parent":0,"menu_order":0,"comment_status":"closed","ping_status":"closed","template":"","meta":{"_seopress_robots_primary_cat":"","om_disable_all_campaigns":false,"_uag_custom_page_level_css":"","_monsterinsights_skip_tracking":false,"_monsterinsights_sitenote_active":false,"_monsterinsights_sitenote_note":"","_monsterinsights_sitenote_category":0,"site-sidebar-layout":"default","site-content-layout":"","ast-site-content-layout":"default","site-content-style":"default","site-sidebar-style":"default","ast-global-header-display":"","ast-banner-title-visibility":"","ast-main-header-display":"","ast-hfb-above-header-display":"","ast-hfb-below-header-display":"","ast-hfb-mobile-header-display":"","site-post-title":"disabled","ast-breadcrumbs-content":"","ast-featured-img":"","footer-sml-layout":"","theme-transparent-header-meta":"","adv-header-id-meta":"","stick-header-meta":"","header-above-stick-meta":"","header-main-stick-meta":"","header-below-stick-meta":"","astra-migrate-meta-layouts":"set","footnotes":""},"class_list":["post-291","page","type-page","status-publish","hentry"],"aioseo_notices":[],"uagb_featured_image_src":{"full":false,"thumbnail":false,"medium":false,"medium_large":false,"large":false,"1536x1536":false,"2048x2048":false},"uagb_author_info":{"display_name":"admin6217","author_link":"https:\/\/technovationfrance.fr\/index.php\/author\/admin6217\/"},"uagb_comment_info":0,"uagb_excerpt":"QUESTIONS FR\u00c9QUENTES Informations et inscription au programme France Quelles sont les prochaines dates du programme ?La saison 4 du programme Technovation Girls France se d\u00e9rouile de novembre 2025 \u00e0 mai 2026. Quand s\u2019inscrire ?Les inscriptions pour la saison 2025-2026 sont ouvertes du 16 mai au 19 octobre 2025. Qui peut s\u2019inscrire ?Toute fille ou jeune\u2026","_links":{"self":[{"href":"https:\/\/technovationfrance.fr\/index.php\/wp-json\/wp\/v2\/pages\/291","targetHints":{"allow":["GET"]}}],"collection":[{"href":"https:\/\/technovationfrance.fr\/index.php\/wp-json\/wp\/v2\/pages"}],"about":[{"href":"https:\/\/technovationfrance.fr\/index.php\/wp-json\/wp\/v2\/types\/page"}],"author":[{"embeddable":true,"href":"https:\/\/technovationfrance.fr\/index.php\/wp-json\/wp\/v2\/users\/1"}],"replies":[{"embeddable":true,"href":"https:\/\/technovationfrance.fr\/index.php\/wp-json\/wp\/v2\/comments?post=291"}],"version-history":[{"count":54,"href":"https:\/\/technovationfrance.fr\/index.php\/wp-json\/wp\/v2\/pages\/291\/revisions"}],"predecessor-version":[{"id":1999,"href":"https:\/\/technovationfrance.fr\/index.php\/wp-json\/wp\/v2\/pages\/291\/revisions\/1999"}],"wp:attachment":[{"href":"https:\/\/technovationfrance.fr\/index.php\/wp-json\/wp\/v2\/media?parent=291"}],"curies":[{"name":"wp","href":"https:\/\/api.w.org\/{rel}","templated":true}]}}